{"id":2859,"date":"2023-05-05T17:58:25","date_gmt":"2023-05-05T17:58:25","guid":{"rendered":"http:\/\/www.anthea.net.tr\/training\/"},"modified":"2023-12-30T17:37:16","modified_gmt":"2023-12-30T17:37:16","slug":"training","status":"publish","type":"page","link":"https:\/\/www.anthea.com.tr\/en\/training\/","title":{"rendered":"TRAININGS"},"content":{"rendered":"<section class=\"wpb-content-wrapper\"><p>[vc_row type=&#8221;full_width_content&#8221;][vc_column width=&#8221;1\/4&#8243;][media animation=&#8221;Down&#8221; link=&#8221;https:\/\/www.fuarista.com&#8221; image=&#8221;1860&#8243;][\/vc_column][vc_column width=&#8221;3\/4&#8243;][vc_custom_heading text=&#8221;Fair Management Trainings&#8221; font_container=&#8221;tag:h2|text_align:left|color:%23414099&#8243;][vc_column_text css_animation=&#8221;fadeInRight&#8221; css=&#8221;.vc_custom_1683347125878{padding-right: 0px !important;}&#8221;]Fuarista is the registered trademark of our company for the trainings and consultancy services we organize for the Fair Industry.<\/p>\n<p>Fair Vocational Training programs are designed for the personnel of companies organizing fairs and Fair Exhibitor Training programs are designed for companies participating in fairs.<\/p>\n<p>You can find the current list of our trainings on this page, and when you click on the detail of the training you want to examine, you can examine it from the page on our Fuarista website.<\/p>\n<p>You can visit our website at <a href=\"https:\/\/www.fuarista.com\" target=\"_blank\" rel=\"noopener\">www.fuarista.com<\/a> for training, consultancy services, blogs and events related to Fuarista brand.[\/vc_column_text][\/vc_column][\/vc_row][vc_row][vc_column][vc_custom_heading text=&#8221;Fair Organization Trainings for Exhibitors&#8221; font_container=&#8221;tag:h2|text_align:center&#8221;][vc_row_inner][vc_column_inner width=&#8221;1\/3&#8243;][services_media title=&#8221;Training on Finding Customers from the Fair&#8221; photo=&#8221;2187&#8243; link=&#8221;https:\/\/www.fuarista.com\/egitimler\/fuarda-musteri-bulma-egitimi\/&#8221;]Training for companies that want to learn or review how to prepare for the fair in a customer-oriented way in <strong>order to<\/strong> host plenty of customers at their stand at the fair they will attend, and to <strong>find prospective customers<\/strong> among them to place orders, make sales and export.<\/p>\n<p><span style=\"color: #3366ff;\"><strong>3 or 4 Hours<\/strong><\/span>[\/services_media][\/vc_column_inner][vc_column_inner width=&#8221;1\/3&#8243;][services_media title=&#8221;Training on Getting Efficiency from the Fair&#8221; photo=&#8221;2186&#8243; link=&#8221;https:\/\/www.fuarista.com\/egitimler\/fuardan-verim-alma-egitimi\/&#8221;]Comprehensive training for the managers of companies that do not settle for finding 20 visitors and 2 customers among them at the stand at the fair they will attend, but want to host over 200 visitors and find over 20 customers at their stands, where they can refresh what they know and review their deficiencies.<\/p>\n<p><span style=\"color: #3366ff;\"><strong>5 or 6 hours<\/strong><\/span>[\/services_media][\/vc_column_inner][vc_column_inner width=&#8221;1\/3&#8243;][services_media title=&#8221;Fair Preparation Video Tutorials&#8221; photo=&#8221;2177&#8243; link=&#8221;https:\/\/www.fuarista.net\/public\/portal?guest=true&#8221;]In order to support your fair preparation processes, you can watch our 3-Hour Basic Training, 6-Hour Comprehensive Training, 9-Hour Detailed Training on our video training platform at any time throughout the year.<\/p>\n<p><span style=\"color: #0000ff;\"><strong>3 &#8211; 6 &#8211; 9 Hours<\/strong><\/span>[\/services_media][\/vc_column_inner][\/vc_row_inner][vc_empty_space height=&#8221;100px&#8221;][vc_row_inner][vc_column_inner width=&#8221;1\/3&#8243;][services_media title=&#8221;Basic Preparation for the Fair Video Training&#8221; photo=&#8221;2164&#8243; link=&#8221;https:\/\/www.fuarista.net\/public\/portal\/87440&#8243;]In order to start your preparations for the fair in the right way, you can purchase the 3-Hour Basic Training on our video training platform with your Credit Card and watch it at any time throughout the year. The e-invoice will be sent to your registered e-mail address within 2 business days.<\/p>\n<p><span style=\"color: #3366ff;\"><strong>3 Hours | 70 Video Lessons | <\/strong><\/span>[\/services_media][\/vc_column_inner][vc_column_inner width=&#8221;1\/3&#8243;][services_media title=&#8221;Comprehensive Exhibition Preparation Video Training&#8221; photo=&#8221;2189&#8243; link=&#8221;https:\/\/www.fuarista.net\/public\/portal\/87605&#8243;]In order to support your preparation for the fair, you can purchase the 6-Hour Comprehensive Training from our video training platform with your Credit Card and watch it anytime throughout the year. The e-invoice will be sent to your registered e-mail address within 2 business days.<\/p>\n<p><span style=\"color: #3366ff;\"><strong>6 hours | 101 Video Lessons<\/strong><\/span>[\/services_media][\/vc_column_inner][vc_column_inner width=&#8221;1\/3&#8243;][services_media title=&#8221;Detailed Preparation for the Fair Video Training&#8221; photo=&#8221;2165&#8243; link=&#8221;https:\/\/www.fuarista.net\/public\/portal\/87606&#8243;]In order to have detailed information in your fair preparation processes, you can purchase the 9-Hour Detailed Training from our video training platform with your Credit Card and watch it at any time throughout the year. The e-invoice will be sent to your registered e-mail address within 2 business days.<\/p>\n<p><span style=\"color: #0000ff;\"><strong>9 Hours | 145 Video Lessons<\/strong><\/span>[\/services_media][\/vc_column_inner][\/vc_row_inner][vc_empty_space height=&#8221;100px&#8221;][vc_row_inner][vc_column_inner width=&#8221;1\/3&#8243;][services_media title=&#8221;Training on Finding Customers in Bilateral Negotiation Programs&#8221; photo=&#8221;2168&#8243; link=&#8221;https:\/\/www.fuarista.com\/egitimler\/ikili-gorusme-programlarindan-musteri-bulma-egitimi\/&#8221;]How should you prepare to find prospective customers who can place orders and make sales and exports in foreign trade delegations, in the procurement delegation programs that come to our country, in the bilateral meetings you will attend?<\/p>\n<p><span style=\"color: #3366ff;\"><strong>3 hours<\/strong><\/span>[\/services_media][\/vc_column_inner][vc_column_inner width=&#8221;1\/3&#8243;][services_media title=&#8221;Virtual Fair Preparation Training&#8221; photo=&#8221;2171&#8243; link=&#8221;https:\/\/www.fuarista.com\/egitimler\/sanal-fuara-hazirlanma-egitimi\/&#8221;]At the virtual fair you are attending, regardless of the platform, we cannot see who is passing through the hallway, who is coming to our virtual booth. How can we prepare ourselves so that we can host plenty of visitors at our virtual stand in a virtual fair environment, and find customers among them to write orders and make sales?<\/p>\n<p><span style=\"color: #0000ff;\"><strong>4 Hours<\/strong><\/span>[\/services_media][\/vc_column_inner][vc_column_inner width=&#8221;1\/3&#8243;][services_media title=&#8221;Training on Finding Customers from a Trade Fair Visit&#8221; photo=&#8221;2184&#8243; link=&#8221;https:\/\/www.fuarista.com\/egitimler\/fuar-ziyaretinden-musteri-bulma-egitimi\/&#8221;]How can you visit a specialized fair in Turkey or abroad to buy or sell products or services? How can you organize productive meetings at these fairs?<\/p>\n<p><span style=\"color: #0000ff;\"><strong>3 Hours<\/strong><\/span>[\/services_media][\/vc_column_inner][\/vc_row_inner][vc_empty_space height=&#8221;100px&#8221;][\/vc_column][\/vc_row][vc_row][vc_column][vc_custom_heading text=&#8221;Fair Organization Vocational Trainings for Fair Organizers&#8221; font_container=&#8221;tag:h2|text_align:center|color:%23414099&#8243;][vc_row_inner][vc_column_inner width=&#8221;1\/3&#8243;][services_media title=&#8221;Exhibition Director Training Program&#8221; photo=&#8221;2197&#8243; link=&#8221;https:\/\/www.fuarista.com\/egitimler\/fuarcilik-mesleki-egitim-programlari\/fuar-yoneticiligi-egitim-programi\/&#8221;]How to plan a fair from A to Z? How to create a budget? How to manage a trade fair team? How to organize a fair? How to manage fair marketing, fair sales, fair operations?<\/p>\n<p><span style=\"color: #3366ff;\"><strong>90 Hours<\/strong><\/span>[\/services_media][\/vc_column_inner][vc_column_inner width=&#8221;1\/3&#8243;][services_media title=&#8221;Fair Marketing Management Training Program&#8221; photo=&#8221;2195&#8243; link=&#8221;https:\/\/www.fuarista.com\/egitimler\/fuarcilik-mesleki-egitim-programlari\/fuar-pazarlama-yoneticiligi-egitim-programi\/&#8221;]How to make a marketing plan for an exhibition? How do you pave the way for sales through your website, e-mail newsletter, social media, etc.? How do you encourage the visitor to come?<\/p>\n<p><span style=\"color: #3366ff;\"><strong>57 Hours<\/strong><\/span>[\/services_media][\/vc_column_inner][vc_column_inner width=&#8221;1\/3&#8243;][services_media title=&#8221;Fair Sales Management Training Program&#8221; photo=&#8221;2199&#8243; link=&#8221;https:\/\/www.fuarista.com\/egitimler\/fuarcilik-mesleki-egitim-programlari\/fuar-satis-yoneticiligi-egitim-programi\/&#8221;]What is the product sold at the fair? What sells at the fair? How to plan the sale of the fair? How to manage the sale of the fair? How to develop relationships with customers attending the fair? How to keep it alive?<\/p>\n<p><span style=\"color: #3366ff;\"><strong>35 hours<\/strong><\/span>[\/services_media][\/vc_column_inner][\/vc_row_inner][vc_empty_space height=&#8221;100px&#8221;][vc_row_inner][vc_column_inner width=&#8221;1\/3&#8243;][services_media title=&#8221;Fair Operation Management Training&#8221; photo=&#8221;2200&#8243; link=&#8221;https:\/\/www.fuarista.com\/egitimler\/fuarcilik-mesleki-egitim-programlari\/fuar-operasyon-yoneticiligi-egitim-programi\/&#8221;]Why does Operation Fair start 15 months before the Fair? What is a fair operation? With which services can an empty rented exhibition hall become a fairground? How to dress a fair?<\/p>\n<p><span style=\"color: #3366ff;\"><strong>37 Hours <\/strong><\/span>[\/services_media][\/vc_column_inner][vc_column_inner width=&#8221;1\/3&#8243;][services_media title=&#8221;Virtual Fair Organization Training&#8221; photo=&#8221;2201&#8243; link=&#8221;https:\/\/www.fuarista.com\/egitimler\/sanal-fuar-duzenleme-egitimi\/&#8221;]The first and only training in our country that explains how to think, plan, budget, how to market, how to sell, how to organize and how to report for Virtual Fair project teams of teams who want to organize virtual fairs.<\/p>\n<p><span style=\"color: #0000ff;\"><strong>6 Hours<\/strong><\/span>[\/services_media][\/vc_column_inner][vc_column_inner width=&#8221;1\/3&#8243;][services_media title=&#8221;Fair Support Training&#8221; photo=&#8221;2202&#8243;]How can we benefit from various support programs as fair organizers? How should we prepare to benefit?<\/p>\n<p><span style=\"color: #0000ff;\"><strong>3 Hours<\/strong><\/span>[\/services_media][\/vc_column_inner][\/vc_row_inner][vc_empty_space height=&#8221;100px&#8221;][\/vc_column][\/vc_row]<\/p>\n<\/section>","protected":false},"excerpt":{"rendered":"<p>[vc_row type=&#8221;full_width_content&#8221;][vc_column width=&#8221;1\/4&#8243;][media animation=&#8221;Down&#8221; link=&#8221;https:\/\/www.fuarista.com&#8221; image=&#8221;1860&#8243;][\/vc_column][vc_column width=&#8221;3\/4&#8243;][vc_custom_heading text=&#8221;Fair Management Trainings&#8221; font_container=&#8221;tag:h2|text_align:left|color:%23414099&#8243;][vc_column_text css_animation=&#8221;fadeInRight&#8221; css=&#8221;.vc_custom_1683347125878{padding-right: 0px !important;}&#8221;]Fuarista is the registered trademark of our company for the trainings and consultancy services we organize for the Fair Industry. Fair Vocational Training programs are designed for the personnel of companies organizing fairs and Fair Exhibitor Training programs are designed for [&hellip;]<\/p>\n","protected":false},"author":1,"featured_media":0,"parent":0,"menu_order":0,"comment_status":"closed","ping_status":"closed","template":"","meta":{"footnotes":""},"class_list":["post-2859","page","type-page","status-publish","hentry"],"yoast_head":"<!-- This site is optimized with the Yoast SEO plugin v27.6 - https:\/\/yoast.com\/product\/yoast-seo-wordpress\/ -->\n<title>TRAININGS - Anthea Fuarc\u0131l\u0131k Sekt\u00f6r\u00fc E\u011fitim, Dan\u0131\u015fmanl\u0131k ve Etkinlik Hizmetleri<\/title>\n<meta name=\"robots\" content=\"index, follow, max-snippet:-1, max-image-preview:large, max-video-preview:-1\" \/>\n<link rel=\"canonical\" href=\"https:\/\/www.anthea.com.tr\/en\/training\/\" \/>\n<meta property=\"og:locale\" content=\"en_US\" \/>\n<meta property=\"og:type\" content=\"article\" \/>\n<meta property=\"og:title\" content=\"TRAININGS - Anthea Fuarc\u0131l\u0131k Sekt\u00f6r\u00fc E\u011fitim, Dan\u0131\u015fmanl\u0131k ve Etkinlik Hizmetleri\" \/>\n<meta property=\"og:description\" content=\"[vc_row type=&#8221;full_width_content&#8221;][vc_column width=&#8221;1\/4&#8243;][media animation=&#8221;Down&#8221; link=&#8221;https:\/\/www.fuarista.com&#8221; image=&#8221;1860&#8243;][\/vc_column][vc_column width=&#8221;3\/4&#8243;][vc_custom_heading text=&#8221;Fair Management Trainings&#8221; font_container=&#8221;tag:h2|text_align:left|color:%23414099&#8243;][vc_column_text css_animation=&#8221;fadeInRight&#8221; css=&#8221;.vc_custom_1683347125878{padding-right: 0px !important;}&#8221;]Fuarista is the registered trademark of our company for the trainings and consultancy services we organize for the Fair Industry. Fair Vocational Training programs are designed for the personnel of companies organizing fairs and Fair Exhibitor Training programs are designed for [&hellip;]\" \/>\n<meta property=\"og:url\" content=\"https:\/\/www.anthea.com.tr\/en\/training\/\" \/>\n<meta property=\"og:site_name\" content=\"Anthea Fuarc\u0131l\u0131k Sekt\u00f6r\u00fc E\u011fitim, Dan\u0131\u015fmanl\u0131k ve Etkinlik Hizmetleri\" \/>\n<meta property=\"article:publisher\" content=\"https:\/\/www.facebook.com\/Anthea.Antalya\" \/>\n<meta property=\"article:modified_time\" content=\"2023-12-30T17:37:16+00:00\" \/>\n<meta name=\"twitter:card\" content=\"summary_large_image\" \/>\n<meta name=\"twitter:site\" content=\"@AntheaAntalya\" \/>\n<meta name=\"twitter:label1\" content=\"Est. reading time\" \/>\n\t<meta name=\"twitter:data1\" content=\"6 minutes\" \/>\n<script type=\"application\/ld+json\" class=\"yoast-schema-graph\">{\"@context\":\"https:\\\/\\\/schema.org\",\"@graph\":[{\"@type\":\"WebPage\",\"@id\":\"https:\\\/\\\/www.anthea.com.tr\\\/en\\\/training\\\/\",\"url\":\"https:\\\/\\\/www.anthea.com.tr\\\/en\\\/training\\\/\",\"name\":\"TRAININGS - Anthea Fuarc\u0131l\u0131k Sekt\u00f6r\u00fc E\u011fitim, Dan\u0131\u015fmanl\u0131k ve Etkinlik Hizmetleri\",\"isPartOf\":{\"@id\":\"https:\\\/\\\/www.anthea.com.tr\\\/en\\\/#website\"},\"datePublished\":\"2023-05-05T17:58:25+00:00\",\"dateModified\":\"2023-12-30T17:37:16+00:00\",\"breadcrumb\":{\"@id\":\"https:\\\/\\\/www.anthea.com.tr\\\/en\\\/training\\\/#breadcrumb\"},\"inLanguage\":\"en-US\",\"potentialAction\":[{\"@type\":\"ReadAction\",\"target\":[\"https:\\\/\\\/www.anthea.com.tr\\\/en\\\/training\\\/\"]}]},{\"@type\":\"BreadcrumbList\",\"@id\":\"https:\\\/\\\/www.anthea.com.tr\\\/en\\\/training\\\/#breadcrumb\",\"itemListElement\":[{\"@type\":\"ListItem\",\"position\":1,\"name\":\"Home\",\"item\":\"https:\\\/\\\/www.anthea.com.tr\\\/en\\\/homepage\\\/\"},{\"@type\":\"ListItem\",\"position\":2,\"name\":\"TRAININGS\"}]},{\"@type\":\"WebSite\",\"@id\":\"https:\\\/\\\/www.anthea.com.tr\\\/en\\\/#website\",\"url\":\"https:\\\/\\\/www.anthea.com.tr\\\/en\\\/\",\"name\":\"Anthea Fuarc\u0131l\u0131k Sekt\u00f6r\u00fc E\u011fitim, Dan\u0131\u015fmanl\u0131k ve Etkinlik Hizmetleri\",\"description\":\"Fuarc\u0131l\u0131k Sekt\u00f6r\u00fc E\u011fitim, Dan\u0131\u015fmanl\u0131k ve Etkinlik Hizmetleri\",\"publisher\":{\"@id\":\"https:\\\/\\\/www.anthea.com.tr\\\/en\\\/#organization\"},\"potentialAction\":[{\"@type\":\"SearchAction\",\"target\":{\"@type\":\"EntryPoint\",\"urlTemplate\":\"https:\\\/\\\/www.anthea.com.tr\\\/en\\\/?s={search_term_string}\"},\"query-input\":{\"@type\":\"PropertyValueSpecification\",\"valueRequired\":true,\"valueName\":\"search_term_string\"}}],\"inLanguage\":\"en-US\"},{\"@type\":\"Organization\",\"@id\":\"https:\\\/\\\/www.anthea.com.tr\\\/en\\\/#organization\",\"name\":\"Anthea Fuarc\u0131l\u0131k Sekt\u00f6r\u00fc E\u011fitim, Dan\u0131\u015fmanl\u0131k ve Etkinlik Hizmetleri\",\"url\":\"https:\\\/\\\/www.anthea.com.tr\\\/en\\\/\",\"logo\":{\"@type\":\"ImageObject\",\"inLanguage\":\"en-US\",\"@id\":\"https:\\\/\\\/www.anthea.com.tr\\\/en\\\/#\\\/schema\\\/logo\\\/image\\\/\",\"url\":\"https:\\\/\\\/www.anthea.com.tr\\\/wp-content\\\/uploads\\\/2023\\\/12\\\/ANTHEA-1600x900-w.png\",\"contentUrl\":\"https:\\\/\\\/www.anthea.com.tr\\\/wp-content\\\/uploads\\\/2023\\\/12\\\/ANTHEA-1600x900-w.png\",\"width\":1600,\"height\":900,\"caption\":\"Anthea Fuarc\u0131l\u0131k Sekt\u00f6r\u00fc E\u011fitim, Dan\u0131\u015fmanl\u0131k ve Etkinlik Hizmetleri\"},\"image\":{\"@id\":\"https:\\\/\\\/www.anthea.com.tr\\\/en\\\/#\\\/schema\\\/logo\\\/image\\\/\"},\"sameAs\":[\"https:\\\/\\\/www.facebook.com\\\/Anthea.Antalya\",\"https:\\\/\\\/x.com\\\/AntheaAntalya\",\"https:\\\/\\\/www.linkedin.com\\\/company\\\/anthea-ltd\\\/\",\"https:\\\/\\\/www.instagram.com\\\/anthea.ltd\\\/\",\"https:\\\/\\\/www.youtube.com\\\/@antheaorganizasyon5192\"]}]}<\/script>\n<!-- \/ Yoast SEO plugin. -->","yoast_head_json":{"title":"TRAININGS - Anthea Fuarc\u0131l\u0131k Sekt\u00f6r\u00fc E\u011fitim, Dan\u0131\u015fmanl\u0131k ve Etkinlik Hizmetleri","robots":{"index":"index","follow":"follow","max-snippet":"max-snippet:-1","max-image-preview":"max-image-preview:large","max-video-preview":"max-video-preview:-1"},"canonical":"https:\/\/www.anthea.com.tr\/en\/training\/","og_locale":"en_US","og_type":"article","og_title":"TRAININGS - Anthea Fuarc\u0131l\u0131k Sekt\u00f6r\u00fc E\u011fitim, Dan\u0131\u015fmanl\u0131k ve Etkinlik Hizmetleri","og_description":"[vc_row type=&#8221;full_width_content&#8221;][vc_column width=&#8221;1\/4&#8243;][media animation=&#8221;Down&#8221; link=&#8221;https:\/\/www.fuarista.com&#8221; image=&#8221;1860&#8243;][\/vc_column][vc_column width=&#8221;3\/4&#8243;][vc_custom_heading text=&#8221;Fair Management Trainings&#8221; font_container=&#8221;tag:h2|text_align:left|color:%23414099&#8243;][vc_column_text css_animation=&#8221;fadeInRight&#8221; css=&#8221;.vc_custom_1683347125878{padding-right: 0px !important;}&#8221;]Fuarista is the registered trademark of our company for the trainings and consultancy services we organize for the Fair Industry. Fair Vocational Training programs are designed for the personnel of companies organizing fairs and Fair Exhibitor Training programs are designed for [&hellip;]","og_url":"https:\/\/www.anthea.com.tr\/en\/training\/","og_site_name":"Anthea Fuarc\u0131l\u0131k Sekt\u00f6r\u00fc E\u011fitim, Dan\u0131\u015fmanl\u0131k ve Etkinlik Hizmetleri","article_publisher":"https:\/\/www.facebook.com\/Anthea.Antalya","article_modified_time":"2023-12-30T17:37:16+00:00","twitter_card":"summary_large_image","twitter_site":"@AntheaAntalya","twitter_misc":{"Est. reading time":"6 minutes"},"schema":{"@context":"https:\/\/schema.org","@graph":[{"@type":"WebPage","@id":"https:\/\/www.anthea.com.tr\/en\/training\/","url":"https:\/\/www.anthea.com.tr\/en\/training\/","name":"TRAININGS - Anthea Fuarc\u0131l\u0131k Sekt\u00f6r\u00fc E\u011fitim, Dan\u0131\u015fmanl\u0131k ve Etkinlik Hizmetleri","isPartOf":{"@id":"https:\/\/www.anthea.com.tr\/en\/#website"},"datePublished":"2023-05-05T17:58:25+00:00","dateModified":"2023-12-30T17:37:16+00:00","breadcrumb":{"@id":"https:\/\/www.anthea.com.tr\/en\/training\/#breadcrumb"},"inLanguage":"en-US","potentialAction":[{"@type":"ReadAction","target":["https:\/\/www.anthea.com.tr\/en\/training\/"]}]},{"@type":"BreadcrumbList","@id":"https:\/\/www.anthea.com.tr\/en\/training\/#breadcrumb","itemListElement":[{"@type":"ListItem","position":1,"name":"Home","item":"https:\/\/www.anthea.com.tr\/en\/homepage\/"},{"@type":"ListItem","position":2,"name":"TRAININGS"}]},{"@type":"WebSite","@id":"https:\/\/www.anthea.com.tr\/en\/#website","url":"https:\/\/www.anthea.com.tr\/en\/","name":"Anthea Fuarc\u0131l\u0131k Sekt\u00f6r\u00fc E\u011fitim, Dan\u0131\u015fmanl\u0131k ve Etkinlik Hizmetleri","description":"Fuarc\u0131l\u0131k Sekt\u00f6r\u00fc E\u011fitim, Dan\u0131\u015fmanl\u0131k ve Etkinlik Hizmetleri","publisher":{"@id":"https:\/\/www.anthea.com.tr\/en\/#organization"},"potentialAction":[{"@type":"SearchAction","target":{"@type":"EntryPoint","urlTemplate":"https:\/\/www.anthea.com.tr\/en\/?s={search_term_string}"},"query-input":{"@type":"PropertyValueSpecification","valueRequired":true,"valueName":"search_term_string"}}],"inLanguage":"en-US"},{"@type":"Organization","@id":"https:\/\/www.anthea.com.tr\/en\/#organization","name":"Anthea Fuarc\u0131l\u0131k Sekt\u00f6r\u00fc E\u011fitim, Dan\u0131\u015fmanl\u0131k ve Etkinlik Hizmetleri","url":"https:\/\/www.anthea.com.tr\/en\/","logo":{"@type":"ImageObject","inLanguage":"en-US","@id":"https:\/\/www.anthea.com.tr\/en\/#\/schema\/logo\/image\/","url":"https:\/\/www.anthea.com.tr\/wp-content\/uploads\/2023\/12\/ANTHEA-1600x900-w.png","contentUrl":"https:\/\/www.anthea.com.tr\/wp-content\/uploads\/2023\/12\/ANTHEA-1600x900-w.png","width":1600,"height":900,"caption":"Anthea Fuarc\u0131l\u0131k Sekt\u00f6r\u00fc E\u011fitim, Dan\u0131\u015fmanl\u0131k ve Etkinlik Hizmetleri"},"image":{"@id":"https:\/\/www.anthea.com.tr\/en\/#\/schema\/logo\/image\/"},"sameAs":["https:\/\/www.facebook.com\/Anthea.Antalya","https:\/\/x.com\/AntheaAntalya","https:\/\/www.linkedin.com\/company\/anthea-ltd\/","https:\/\/www.instagram.com\/anthea.ltd\/","https:\/\/www.youtube.com\/@antheaorganizasyon5192"]}]}},"_links":{"self":[{"href":"https:\/\/www.anthea.com.tr\/en\/wp-json\/wp\/v2\/pages\/2859","targetHints":{"allow":["GET"]}}],"collection":[{"href":"https:\/\/www.anthea.com.tr\/en\/wp-json\/wp\/v2\/pages"}],"about":[{"href":"https:\/\/www.anthea.com.tr\/en\/wp-json\/wp\/v2\/types\/page"}],"author":[{"embeddable":true,"href":"https:\/\/www.anthea.com.tr\/en\/wp-json\/wp\/v2\/users\/1"}],"replies":[{"embeddable":true,"href":"https:\/\/www.anthea.com.tr\/en\/wp-json\/wp\/v2\/comments?post=2859"}],"version-history":[{"count":5,"href":"https:\/\/www.anthea.com.tr\/en\/wp-json\/wp\/v2\/pages\/2859\/revisions"}],"predecessor-version":[{"id":2917,"href":"https:\/\/www.anthea.com.tr\/en\/wp-json\/wp\/v2\/pages\/2859\/revisions\/2917"}],"wp:attachment":[{"href":"https:\/\/www.anthea.com.tr\/en\/wp-json\/wp\/v2\/media?parent=2859"}],"curies":[{"name":"wp","href":"https:\/\/api.w.org\/{rel}","templated":true}]}}