{"id":2849,"date":"2023-05-05T17:35:51","date_gmt":"2023-05-05T17:35:51","guid":{"rendered":"http:\/\/www.anthea.net.tr\/mehmet-dukkanci\/"},"modified":"2023-12-16T19:08:04","modified_gmt":"2023-12-16T19:08:04","slug":"mehmet-dukkanci","status":"publish","type":"page","link":"https:\/\/www.anthea.com.tr\/en\/mehmet-dukkanci\/","title":{"rendered":"Mehmet D\u00dcKKANCI"},"content":{"rendered":"\n<p><\/p>\n<div class=\"wp-block-image\">\n<figure class=\"alignleft\"><img loading=\"lazy\" decoding=\"async\" width=\"225\" height=\"300\" src=\"http:\/\/www.anthea.net.tr\/wp-content\/uploads\/2023\/05\/Mehmet-Dukkanci-01.10.2013-k-225x300-1.jpg\" alt=\"\" class=\"wp-image-2138\"\/><\/figure>\n<\/div>\n<p><strong><mark style=\"background-color:rgba(0, 0, 0, 0);color:#f39200\" class=\"has-inline-color\">Mehmet D\u00dcKKANCI<\/mark><\/strong><br\/><strong><mark style=\"background-color:rgba(0, 0, 0, 0);color:#009a93\" class=\"has-inline-color\">Founder \/ Trainer<\/mark><\/strong><br\/><em>Trade Fairs Organizer \/ Trainer<\/em><\/p>\n\n<p>Mehmet D\u00dcKKANCI, Founder of Fuarista, was born in 1971 &#8211; Xanthi, Greece. He graduated from Bo\u011fazi\u00e7i University, Department of Business Administration in 1998. After his military service, he worked as a member of the press between 2000-2001. Between 2001 and 2003, he worked as Export Marketing Manager in the Lighting Sector. He took his company to 4 international fairs and prepared it for 2 international fairs.<\/p>\n\n<p>In 2003, he met with the exhibition sector. Between 2003-2007, he was the Project Manager of<strong> Interlight <\/strong>Lighting, <strong>Growtech<\/strong> Greenhouse, Agriculture and <strong>Exposhiping Europort<\/strong> Ship Industry sector fairs at <strong>NTSR Fuar ve G\u00f6steri Hizmetleri A\u015e<\/strong>.<\/p>\n\n<p>Between 2008 and 2011, <strong>ANFA\u015e Antalya Fair Investment Co<\/strong>. as the Exhibitions Coordinator. He was the coordinator of fairs organized in Antalya such as <strong>Hotel Equipment<\/strong>, <strong>Food, Fresh Fruits and Vegetables<\/strong>, <strong>Health Tourism<\/strong>, <strong>Municipal Equipment, Marble, Boat <\/strong>.<\/p>\n\n<p>In 2011-2016, he established his own company <strong>Agoras Fair Services Ltd. \u015eti.<\/strong> and started fairs such as <strong>Florplant<\/strong> Ornamental Plants and Landscape Architecture, <strong>Cosmoshow<\/strong> Cosmetics Fair, <strong>RENSEF<\/strong> Renewable Energy Systems and Energy Efficiency, <strong>SATEF <\/strong>Travel Agents and Suppliers Fair. He contributed to the development of <strong>University Introduction Days<\/strong>, Edutalya, <strong>Composite <\/strong>fairs with different non-governmental organizations.<\/p>\n\n<p>Between 2016-2019, he worked as a full-time Fair Consultant \/ Fair Brand Director for <strong>CPHI Istanbul<\/strong> Pharmaceutical Components Fair <strong>, Fi Istanbul<\/strong> Food Components <strong>, Istanbul Light<\/strong> Lighting, <strong>TissuWorld <\/strong>Paper Components fairs in the Istanbul office of the world giant UBM Fuarc\u0131l\u0131k.<\/p>\n\n<p>From 2020, his company is registered <strong>to<a rel=\"noreferrer noopener\" href=\"https:\/\/www.fuarista.com\/anthea\/\" target=\"_blank\">Anthea<\/a><\/strong> <strong>\n  <a href=\"https:\/\/www.fuarista.com\/fuarista\/\" target=\"_blank\" rel=\"noreferrer noopener\">fuarista<\/a>\n<\/strong> He started to provide blog posts, training and consultancy services with his brand. With the <strong>Fuarista Sahnesi<\/strong> brand, he organizes meetings with fair organizers on Thursday evenings between 21:00 and 22:00 in Zoom environment.<\/p>\n\n<p><strong>In<\/strong><strong>Fuarista Fair Preparation<\/strong> <strong>Trainings<\/strong>, Fuarista explains to the companies participating in the fair how to prepare for the fair in order to find customers who can host more visitors at their stands at the fair, place orders among them, make sales exports, and how they can work at the fair and after the fair.<\/p>\n\n<p>These trainings are given collectively to the members of Exporters&#8217; Associations, Chambers of Commerce and Industry, Sector Associations, participants in the trainings organized by Fair Organizers for their participants, and one-on-one training and consultancy is provided to the companies that request it.<\/p>\n\n<h4 class=\"wp-block-heading\"><strong>Trainings for participating companies:<\/strong><\/h4>\n\n<ul class=\"wp-block-list\">\n<li><a href=\"https:\/\/www.fuarista.com\/egitimler\/egitim-turleri\/fuara-hazirlanma-egitimi\/\" target=\"_blank\" rel=\"noreferrer noopener\">Fair Preparation Training<\/a><\/li>\n\n\n\n<li><a href=\"https:\/\/www.fuarista.net\/public\/portal\" target=\"_blank\" rel=\"noreferrer noopener\">Video Tutorials on Preparing for the Fair<\/a><\/li>\n\n\n\n<li><a href=\"https:\/\/www.fuarista.com\/egitimler\/egitim-turleri\/sanal-fuara-hazirlanma-egitimi\/\" target=\"_blank\" rel=\"noreferrer noopener\">Virtual Fair Preparation Training<\/a><\/li>\n<\/ul>\n\n<p>D\u00fckkanc\u0131, which provides personnel training for fair organizers, also provides consultancy services as well as training for organizers to be more successful in the fairs they organize.<\/p>\n\n<h4 class=\"wp-block-heading\"><strong>Trainings for fair organizers:<\/strong><\/h4>\n\n<ul class=\"wp-block-list\">\n<li><a href=\"https:\/\/www.fuarista.com\/egitimler\/egitim-turleri\/fuarcilik-mesleki-egitim-programlari\/\" target=\"_blank\" rel=\"noreferrer noopener\">Fair Vocational Training Programs<\/a><\/li>\n\n\n\n<li><a href=\"https:\/\/www.fuarista.com\/egitimler\/egitim-turleri\/fuarcilik-mesleki-egitim-programlari\/#1619814057161-1f4e2b19-8ab9\" target=\"_blank\" rel=\"noreferrer noopener\">Fair Project Management Training<\/a><\/li>\n\n\n\n<li><a href=\"https:\/\/www.fuarista.com\/egitimler\/egitim-turleri\/fuarcilik-mesleki-egitim-programlari\/#1619813172370-3f10db31-539f\" target=\"_blank\" rel=\"noreferrer noopener\">Fair Marketing Management Training<\/a><\/li>\n\n\n\n<li><a href=\"https:\/\/www.fuarista.com\/egitimler\/egitim-turleri\/fuarcilik-mesleki-egitim-programlari\/#1619797719909-06712556-fa00\" target=\"_blank\" rel=\"noreferrer noopener\">Fair Sales Management Training<\/a><\/li>\n\n\n\n<li><a href=\"https:\/\/www.fuarista.com\/egitimler\/egitim-turleri\/fuarcilik-mesleki-egitim-programlari\/#1619815086836-a4ed1d2d-f374\" target=\"_blank\" rel=\"noreferrer noopener\">Fair Operation Training<\/a><\/li>\n\n\n\n<li><a href=\"https:\/\/www.fuarista.com\/egitimler\/egitim-turleri\/sanal-fuar-duzenleme-egitimi\/\" target=\"_blank\" rel=\"noreferrer noopener\">Virtual Fair Organization Training<\/a><\/li>\n<\/ul>\n\n<p>Fuarista instructor Mehmet D\u00fckkanc\u0131 is fluent in Greek and English as well as his native Turkish.<\/p>\n\n<p><a href=\"https:\/\/www.linkedin.com\/in\/dukkanci\/\">https:\/\/www.linkedin.com\/in\/dukkanci\/<\/a><\/p>\n","protected":false},"excerpt":{"rendered":"<p>Mehmet D\u00dcKKANCIFounder \/ TrainerTrade Fairs Organizer \/ Trainer Mehmet D\u00dcKKANCI, Founder of Fuarista, was born in 1971 &#8211; Xanthi, Greece. He graduated from Bo\u011fazi\u00e7i University, Department of Business Administration in 1998. After his military service, he worked as a member of the press between 2000-2001. Between 2001 and 2003, he worked as Export Marketing Manager [&hellip;]<\/p>\n","protected":false},"author":1,"featured_media":2560,"parent":0,"menu_order":0,"comment_status":"closed","ping_status":"closed","template":"","meta":{"footnotes":""},"class_list":["post-2849","page","type-page","status-publish","has-post-thumbnail","hentry"],"yoast_head":"<!-- This site is optimized with the Yoast SEO plugin v27.4 - https:\/\/yoast.com\/product\/yoast-seo-wordpress\/ -->\n<title>Mehmet D\u00dcKKANCI - Anthea Fuarc\u0131l\u0131k Sekt\u00f6r\u00fc E\u011fitim, Dan\u0131\u015fmanl\u0131k ve Etkinlik Hizmetleri<\/title>\n<meta name=\"robots\" content=\"index, follow, max-snippet:-1, max-image-preview:large, max-video-preview:-1\" \/>\n<link rel=\"canonical\" href=\"https:\/\/www.anthea.com.tr\/en\/mehmet-dukkanci\/\" \/>\n<meta property=\"og:locale\" content=\"en_US\" \/>\n<meta property=\"og:type\" content=\"article\" \/>\n<meta property=\"og:title\" content=\"Mehmet D\u00dcKKANCI - Anthea Fuarc\u0131l\u0131k Sekt\u00f6r\u00fc E\u011fitim, Dan\u0131\u015fmanl\u0131k ve Etkinlik Hizmetleri\" \/>\n<meta property=\"og:description\" content=\"Mehmet D\u00dcKKANCIFounder \/ TrainerTrade Fairs Organizer \/ Trainer Mehmet D\u00dcKKANCI, Founder of Fuarista, was born in 1971 &#8211; Xanthi, Greece. He graduated from Bo\u011fazi\u00e7i University, Department of Business Administration in 1998. After his military service, he worked as a member of the press between 2000-2001. Between 2001 and 2003, he worked as Export Marketing Manager [&hellip;]\" \/>\n<meta property=\"og:url\" content=\"https:\/\/www.anthea.com.tr\/en\/mehmet-dukkanci\/\" \/>\n<meta property=\"og:site_name\" content=\"Anthea Fuarc\u0131l\u0131k Sekt\u00f6r\u00fc E\u011fitim, Dan\u0131\u015fmanl\u0131k ve Etkinlik Hizmetleri\" \/>\n<meta property=\"article:publisher\" content=\"https:\/\/www.facebook.com\/Anthea.Antalya\" \/>\n<meta property=\"article:modified_time\" content=\"2023-12-16T19:08:04+00:00\" \/>\n<meta property=\"og:image\" content=\"https:\/\/www.anthea.com.tr\/wp-content\/uploads\/2023\/05\/Mehmet-Dukkanci-01.10.2013-k-225x300-1.jpg\" \/>\n\t<meta property=\"og:image:width\" content=\"225\" \/>\n\t<meta property=\"og:image:height\" content=\"300\" \/>\n\t<meta property=\"og:image:type\" content=\"image\/jpeg\" \/>\n<meta name=\"twitter:card\" content=\"summary_large_image\" \/>\n<meta name=\"twitter:site\" content=\"@AntheaAntalya\" \/>\n<meta name=\"twitter:label1\" content=\"Est. reading time\" \/>\n\t<meta name=\"twitter:data1\" content=\"4 minutes\" \/>\n<script type=\"application\/ld+json\" class=\"yoast-schema-graph\">{\"@context\":\"https:\\\/\\\/schema.org\",\"@graph\":[{\"@type\":\"WebPage\",\"@id\":\"https:\\\/\\\/www.anthea.com.tr\\\/en\\\/mehmet-dukkanci\\\/\",\"url\":\"https:\\\/\\\/www.anthea.com.tr\\\/en\\\/mehmet-dukkanci\\\/\",\"name\":\"Mehmet D\u00dcKKANCI - Anthea Fuarc\u0131l\u0131k Sekt\u00f6r\u00fc E\u011fitim, Dan\u0131\u015fmanl\u0131k ve Etkinlik Hizmetleri\",\"isPartOf\":{\"@id\":\"https:\\\/\\\/www.anthea.com.tr\\\/en\\\/#website\"},\"primaryImageOfPage\":{\"@id\":\"https:\\\/\\\/www.anthea.com.tr\\\/en\\\/mehmet-dukkanci\\\/#primaryimage\"},\"image\":{\"@id\":\"https:\\\/\\\/www.anthea.com.tr\\\/en\\\/mehmet-dukkanci\\\/#primaryimage\"},\"thumbnailUrl\":\"https:\\\/\\\/www.anthea.com.tr\\\/wp-content\\\/uploads\\\/2023\\\/05\\\/Mehmet-Dukkanci-01.10.2013-k-225x300-1.jpg\",\"datePublished\":\"2023-05-05T17:35:51+00:00\",\"dateModified\":\"2023-12-16T19:08:04+00:00\",\"breadcrumb\":{\"@id\":\"https:\\\/\\\/www.anthea.com.tr\\\/en\\\/mehmet-dukkanci\\\/#breadcrumb\"},\"inLanguage\":\"en-US\",\"potentialAction\":[{\"@type\":\"ReadAction\",\"target\":[\"https:\\\/\\\/www.anthea.com.tr\\\/en\\\/mehmet-dukkanci\\\/\"]}]},{\"@type\":\"ImageObject\",\"inLanguage\":\"en-US\",\"@id\":\"https:\\\/\\\/www.anthea.com.tr\\\/en\\\/mehmet-dukkanci\\\/#primaryimage\",\"url\":\"https:\\\/\\\/www.anthea.com.tr\\\/wp-content\\\/uploads\\\/2023\\\/05\\\/Mehmet-Dukkanci-01.10.2013-k-225x300-1.jpg\",\"contentUrl\":\"https:\\\/\\\/www.anthea.com.tr\\\/wp-content\\\/uploads\\\/2023\\\/05\\\/Mehmet-Dukkanci-01.10.2013-k-225x300-1.jpg\",\"width\":225,\"height\":300},{\"@type\":\"BreadcrumbList\",\"@id\":\"https:\\\/\\\/www.anthea.com.tr\\\/en\\\/mehmet-dukkanci\\\/#breadcrumb\",\"itemListElement\":[{\"@type\":\"ListItem\",\"position\":1,\"name\":\"Home\",\"item\":\"https:\\\/\\\/www.anthea.com.tr\\\/en\\\/homepage\\\/\"},{\"@type\":\"ListItem\",\"position\":2,\"name\":\"Mehmet D\u00dcKKANCI\"}]},{\"@type\":\"WebSite\",\"@id\":\"https:\\\/\\\/www.anthea.com.tr\\\/en\\\/#website\",\"url\":\"https:\\\/\\\/www.anthea.com.tr\\\/en\\\/\",\"name\":\"Anthea Fuarc\u0131l\u0131k Sekt\u00f6r\u00fc E\u011fitim, Dan\u0131\u015fmanl\u0131k ve Etkinlik Hizmetleri\",\"description\":\"Fuarc\u0131l\u0131k Sekt\u00f6r\u00fc E\u011fitim, Dan\u0131\u015fmanl\u0131k ve Etkinlik Hizmetleri\",\"publisher\":{\"@id\":\"https:\\\/\\\/www.anthea.com.tr\\\/en\\\/#organization\"},\"potentialAction\":[{\"@type\":\"SearchAction\",\"target\":{\"@type\":\"EntryPoint\",\"urlTemplate\":\"https:\\\/\\\/www.anthea.com.tr\\\/en\\\/?s={search_term_string}\"},\"query-input\":{\"@type\":\"PropertyValueSpecification\",\"valueRequired\":true,\"valueName\":\"search_term_string\"}}],\"inLanguage\":\"en-US\"},{\"@type\":\"Organization\",\"@id\":\"https:\\\/\\\/www.anthea.com.tr\\\/en\\\/#organization\",\"name\":\"Anthea Fuarc\u0131l\u0131k Sekt\u00f6r\u00fc E\u011fitim, Dan\u0131\u015fmanl\u0131k ve Etkinlik Hizmetleri\",\"url\":\"https:\\\/\\\/www.anthea.com.tr\\\/en\\\/\",\"logo\":{\"@type\":\"ImageObject\",\"inLanguage\":\"en-US\",\"@id\":\"https:\\\/\\\/www.anthea.com.tr\\\/en\\\/#\\\/schema\\\/logo\\\/image\\\/\",\"url\":\"https:\\\/\\\/www.anthea.com.tr\\\/wp-content\\\/uploads\\\/2023\\\/12\\\/ANTHEA-1600x900-w.png\",\"contentUrl\":\"https:\\\/\\\/www.anthea.com.tr\\\/wp-content\\\/uploads\\\/2023\\\/12\\\/ANTHEA-1600x900-w.png\",\"width\":1600,\"height\":900,\"caption\":\"Anthea Fuarc\u0131l\u0131k Sekt\u00f6r\u00fc E\u011fitim, Dan\u0131\u015fmanl\u0131k ve Etkinlik Hizmetleri\"},\"image\":{\"@id\":\"https:\\\/\\\/www.anthea.com.tr\\\/en\\\/#\\\/schema\\\/logo\\\/image\\\/\"},\"sameAs\":[\"https:\\\/\\\/www.facebook.com\\\/Anthea.Antalya\",\"https:\\\/\\\/x.com\\\/AntheaAntalya\",\"https:\\\/\\\/www.linkedin.com\\\/company\\\/anthea-ltd\\\/\",\"https:\\\/\\\/www.instagram.com\\\/anthea.ltd\\\/\",\"https:\\\/\\\/www.youtube.com\\\/@antheaorganizasyon5192\"]}]}<\/script>\n<!-- \/ Yoast SEO plugin. -->","yoast_head_json":{"title":"Mehmet D\u00dcKKANCI - Anthea Fuarc\u0131l\u0131k Sekt\u00f6r\u00fc E\u011fitim, Dan\u0131\u015fmanl\u0131k ve Etkinlik Hizmetleri","robots":{"index":"index","follow":"follow","max-snippet":"max-snippet:-1","max-image-preview":"max-image-preview:large","max-video-preview":"max-video-preview:-1"},"canonical":"https:\/\/www.anthea.com.tr\/en\/mehmet-dukkanci\/","og_locale":"en_US","og_type":"article","og_title":"Mehmet D\u00dcKKANCI - Anthea Fuarc\u0131l\u0131k Sekt\u00f6r\u00fc E\u011fitim, Dan\u0131\u015fmanl\u0131k ve Etkinlik Hizmetleri","og_description":"Mehmet D\u00dcKKANCIFounder \/ TrainerTrade Fairs Organizer \/ Trainer Mehmet D\u00dcKKANCI, Founder of Fuarista, was born in 1971 &#8211; Xanthi, Greece. He graduated from Bo\u011fazi\u00e7i University, Department of Business Administration in 1998. After his military service, he worked as a member of the press between 2000-2001. Between 2001 and 2003, he worked as Export Marketing Manager [&hellip;]","og_url":"https:\/\/www.anthea.com.tr\/en\/mehmet-dukkanci\/","og_site_name":"Anthea Fuarc\u0131l\u0131k Sekt\u00f6r\u00fc E\u011fitim, Dan\u0131\u015fmanl\u0131k ve Etkinlik Hizmetleri","article_publisher":"https:\/\/www.facebook.com\/Anthea.Antalya","article_modified_time":"2023-12-16T19:08:04+00:00","og_image":[{"width":225,"height":300,"url":"https:\/\/www.anthea.com.tr\/wp-content\/uploads\/2023\/05\/Mehmet-Dukkanci-01.10.2013-k-225x300-1.jpg","type":"image\/jpeg"}],"twitter_card":"summary_large_image","twitter_site":"@AntheaAntalya","twitter_misc":{"Est. reading time":"4 minutes"},"schema":{"@context":"https:\/\/schema.org","@graph":[{"@type":"WebPage","@id":"https:\/\/www.anthea.com.tr\/en\/mehmet-dukkanci\/","url":"https:\/\/www.anthea.com.tr\/en\/mehmet-dukkanci\/","name":"Mehmet D\u00dcKKANCI - Anthea Fuarc\u0131l\u0131k Sekt\u00f6r\u00fc E\u011fitim, Dan\u0131\u015fmanl\u0131k ve Etkinlik Hizmetleri","isPartOf":{"@id":"https:\/\/www.anthea.com.tr\/en\/#website"},"primaryImageOfPage":{"@id":"https:\/\/www.anthea.com.tr\/en\/mehmet-dukkanci\/#primaryimage"},"image":{"@id":"https:\/\/www.anthea.com.tr\/en\/mehmet-dukkanci\/#primaryimage"},"thumbnailUrl":"https:\/\/www.anthea.com.tr\/wp-content\/uploads\/2023\/05\/Mehmet-Dukkanci-01.10.2013-k-225x300-1.jpg","datePublished":"2023-05-05T17:35:51+00:00","dateModified":"2023-12-16T19:08:04+00:00","breadcrumb":{"@id":"https:\/\/www.anthea.com.tr\/en\/mehmet-dukkanci\/#breadcrumb"},"inLanguage":"en-US","potentialAction":[{"@type":"ReadAction","target":["https:\/\/www.anthea.com.tr\/en\/mehmet-dukkanci\/"]}]},{"@type":"ImageObject","inLanguage":"en-US","@id":"https:\/\/www.anthea.com.tr\/en\/mehmet-dukkanci\/#primaryimage","url":"https:\/\/www.anthea.com.tr\/wp-content\/uploads\/2023\/05\/Mehmet-Dukkanci-01.10.2013-k-225x300-1.jpg","contentUrl":"https:\/\/www.anthea.com.tr\/wp-content\/uploads\/2023\/05\/Mehmet-Dukkanci-01.10.2013-k-225x300-1.jpg","width":225,"height":300},{"@type":"BreadcrumbList","@id":"https:\/\/www.anthea.com.tr\/en\/mehmet-dukkanci\/#breadcrumb","itemListElement":[{"@type":"ListItem","position":1,"name":"Home","item":"https:\/\/www.anthea.com.tr\/en\/homepage\/"},{"@type":"ListItem","position":2,"name":"Mehmet D\u00dcKKANCI"}]},{"@type":"WebSite","@id":"https:\/\/www.anthea.com.tr\/en\/#website","url":"https:\/\/www.anthea.com.tr\/en\/","name":"Anthea Fuarc\u0131l\u0131k Sekt\u00f6r\u00fc E\u011fitim, Dan\u0131\u015fmanl\u0131k ve Etkinlik Hizmetleri","description":"Fuarc\u0131l\u0131k Sekt\u00f6r\u00fc E\u011fitim, Dan\u0131\u015fmanl\u0131k ve Etkinlik Hizmetleri","publisher":{"@id":"https:\/\/www.anthea.com.tr\/en\/#organization"},"potentialAction":[{"@type":"SearchAction","target":{"@type":"EntryPoint","urlTemplate":"https:\/\/www.anthea.com.tr\/en\/?s={search_term_string}"},"query-input":{"@type":"PropertyValueSpecification","valueRequired":true,"valueName":"search_term_string"}}],"inLanguage":"en-US"},{"@type":"Organization","@id":"https:\/\/www.anthea.com.tr\/en\/#organization","name":"Anthea Fuarc\u0131l\u0131k Sekt\u00f6r\u00fc E\u011fitim, Dan\u0131\u015fmanl\u0131k ve Etkinlik Hizmetleri","url":"https:\/\/www.anthea.com.tr\/en\/","logo":{"@type":"ImageObject","inLanguage":"en-US","@id":"https:\/\/www.anthea.com.tr\/en\/#\/schema\/logo\/image\/","url":"https:\/\/www.anthea.com.tr\/wp-content\/uploads\/2023\/12\/ANTHEA-1600x900-w.png","contentUrl":"https:\/\/www.anthea.com.tr\/wp-content\/uploads\/2023\/12\/ANTHEA-1600x900-w.png","width":1600,"height":900,"caption":"Anthea Fuarc\u0131l\u0131k Sekt\u00f6r\u00fc E\u011fitim, Dan\u0131\u015fmanl\u0131k ve Etkinlik Hizmetleri"},"image":{"@id":"https:\/\/www.anthea.com.tr\/en\/#\/schema\/logo\/image\/"},"sameAs":["https:\/\/www.facebook.com\/Anthea.Antalya","https:\/\/x.com\/AntheaAntalya","https:\/\/www.linkedin.com\/company\/anthea-ltd\/","https:\/\/www.instagram.com\/anthea.ltd\/","https:\/\/www.youtube.com\/@antheaorganizasyon5192"]}]}},"_links":{"self":[{"href":"https:\/\/www.anthea.com.tr\/en\/wp-json\/wp\/v2\/pages\/2849","targetHints":{"allow":["GET"]}}],"collection":[{"href":"https:\/\/www.anthea.com.tr\/en\/wp-json\/wp\/v2\/pages"}],"about":[{"href":"https:\/\/www.anthea.com.tr\/en\/wp-json\/wp\/v2\/types\/page"}],"author":[{"embeddable":true,"href":"https:\/\/www.anthea.com.tr\/en\/wp-json\/wp\/v2\/users\/1"}],"replies":[{"embeddable":true,"href":"https:\/\/www.anthea.com.tr\/en\/wp-json\/wp\/v2\/comments?post=2849"}],"version-history":[{"count":2,"href":"https:\/\/www.anthea.com.tr\/en\/wp-json\/wp\/v2\/pages\/2849\/revisions"}],"predecessor-version":[{"id":2855,"href":"https:\/\/www.anthea.com.tr\/en\/wp-json\/wp\/v2\/pages\/2849\/revisions\/2855"}],"wp:featuredmedia":[{"embeddable":true,"href":"https:\/\/www.anthea.com.tr\/en\/wp-json\/wp\/v2\/media\/2560"}],"wp:attachment":[{"href":"https:\/\/www.anthea.com.tr\/en\/wp-json\/wp\/v2\/media?parent=2849"}],"curies":[{"name":"wp","href":"https:\/\/api.w.org\/{rel}","templated":true}]}}