{"id":2824,"date":"2023-05-03T20:39:38","date_gmt":"2023-05-03T20:39:38","guid":{"rendered":"http:\/\/www.anthea.net.tr\/contact-us-3\/"},"modified":"2024-02-20T19:58:56","modified_gmt":"2024-02-20T19:58:56","slug":"contact-us-3","status":"publish","type":"page","link":"https:\/\/www.anthea.com.tr\/en\/contact-us-3\/","title":{"rendered":"CONTACT US"},"content":{"rendered":"\n<div class=\"wp-block-media-text alignwide is-stacked-on-mobile\" style=\"grid-template-columns:15% auto\"><figure class=\"wp-block-media-text__media\"><img loading=\"lazy\" decoding=\"async\" width=\"512\" height=\"512\" src=\"http:\/\/www.anthea.net.tr\/wp-content\/uploads\/2023\/05\/workspace-1.png\" alt=\"\" class=\"wp-image-1903 size-full\" srcset=\"https:\/\/www.anthea.com.tr\/wp-content\/uploads\/2023\/05\/workspace-1.png 512w, https:\/\/www.anthea.com.tr\/wp-content\/uploads\/2023\/05\/workspace-1-300x300.png 300w, https:\/\/www.anthea.com.tr\/wp-content\/uploads\/2023\/05\/workspace-1-150x150.png 150w, https:\/\/www.anthea.com.tr\/wp-content\/uploads\/2023\/05\/workspace-1-350x350.png 350w\" sizes=\"auto, (max-width: 512px) 100vw, 512px\" \/><\/figure><div class=\"wp-block-media-text__content\">\n<h2 class=\"wp-block-heading\">Home office<\/h2>\n\n\n\n<p>Since the beginning of COVID-19 Pandemic we started working from our homes. We loved and we continue working from our homes in Istanbul.<br>If you want to post us something, just phone us and ask for an address!<br>But it would be more appreciated if you send it by mail!<\/p>\n<\/div><\/div>\n\n\n\n<div style=\"height:60px\" aria-hidden=\"true\" class=\"wp-block-spacer\"><\/div>\n\n\n\n<div class=\"wp-block-media-text alignwide is-stacked-on-mobile\" style=\"grid-template-columns:15% auto\"><figure class=\"wp-block-media-text__media\"><img loading=\"lazy\" decoding=\"async\" width=\"512\" height=\"512\" src=\"http:\/\/www.anthea.net.tr\/wp-content\/uploads\/2023\/05\/seagull.png\" alt=\"\" class=\"wp-image-1900 size-full\" srcset=\"https:\/\/www.anthea.com.tr\/wp-content\/uploads\/2023\/05\/seagull.png 512w, https:\/\/www.anthea.com.tr\/wp-content\/uploads\/2023\/05\/seagull-300x300.png 300w, https:\/\/www.anthea.com.tr\/wp-content\/uploads\/2023\/05\/seagull-150x150.png 150w, https:\/\/www.anthea.com.tr\/wp-content\/uploads\/2023\/05\/seagull-350x350.png 350w\" sizes=\"auto, (max-width: 512px) 100vw, 512px\" \/><\/figure><div class=\"wp-block-media-text__content\">\n<h2 class=\"wp-block-heading\"><strong><mark style=\"background-color:rgba(0, 0, 0, 0);color:#009a93\" class=\"has-inline-color\">ISTANBUL<\/mark><\/strong><\/h2>\n\n\n\n<p>as BUYAKA ISTANBUL <\/p>\n\n\n\n<p><a href=\"http:\/\/www.anthea.com.tr\/\">Tel: +90 216<\/a>523 50 60 <\/p>\n<\/div><\/div>\n\n\n\n<div style=\"height:60px\" aria-hidden=\"true\" class=\"wp-block-spacer\"><\/div>\n\n\n\n<div class=\"wp-block-media-text alignwide is-stacked-on-mobile\" style=\"grid-template-columns:15% auto\"><figure class=\"wp-block-media-text__media\"><img loading=\"lazy\" decoding=\"async\" width=\"512\" height=\"512\" src=\"http:\/\/www.anthea.net.tr\/wp-content\/uploads\/2023\/05\/beach.png\" alt=\"\" class=\"wp-image-1901 size-full\" srcset=\"https:\/\/www.anthea.com.tr\/wp-content\/uploads\/2023\/05\/beach.png 512w, https:\/\/www.anthea.com.tr\/wp-content\/uploads\/2023\/05\/beach-300x300.png 300w, https:\/\/www.anthea.com.tr\/wp-content\/uploads\/2023\/05\/beach-150x150.png 150w, https:\/\/www.anthea.com.tr\/wp-content\/uploads\/2023\/05\/beach-350x350.png 350w\" sizes=\"auto, (max-width: 512px) 100vw, 512px\" \/><\/figure><div class=\"wp-block-media-text__content\">\n<h2 class=\"wp-block-heading\"><strong><mark style=\"background-color:rgba(0, 0, 0, 0)\" class=\"has-inline-color has-luminous-vivid-orange-color\">ANTALYA<\/mark><\/strong><\/h2>\n\n\n\n<p>Hashim Iscan Mah. Ataturk Cad. 29\/ 8 \u00dc\u00e7kap\u0131lar Muratpa\u015fa 07100 Antalya Turkey<\/p>\n\n\n\n<p><a href=\"http:\/\/www.anthea.com.tr\/\">Tel: +90 242 323 51 10<\/a><\/p>\n<\/div><\/div>\n\n\n\n<div style=\"height:60px\" aria-hidden=\"true\" class=\"wp-block-spacer\"><\/div>\n\n\n\n<div class=\"wp-block-media-text alignwide is-stacked-on-mobile\" style=\"grid-template-columns:15% auto\"><figure class=\"wp-block-media-text__media\"><img loading=\"lazy\" decoding=\"async\" width=\"150\" height=\"150\" src=\"http:\/\/www.anthea.net.tr\/wp-content\/uploads\/2023\/05\/email-1-150x150.png\" alt=\"\" class=\"wp-image-1879 size-thumbnail\" srcset=\"https:\/\/www.anthea.com.tr\/wp-content\/uploads\/2023\/05\/email-1-150x150.png 150w, https:\/\/www.anthea.com.tr\/wp-content\/uploads\/2023\/05\/email-1-300x300.png 300w, https:\/\/www.anthea.com.tr\/wp-content\/uploads\/2023\/05\/email-1-350x350.png 350w, https:\/\/www.anthea.com.tr\/wp-content\/uploads\/2023\/05\/email-1.png 512w\" sizes=\"auto, (max-width: 150px) 100vw, 150px\" \/><\/figure><div class=\"wp-block-media-text__content\">\n<h2 class=\"wp-block-heading\"><strong><mark style=\"background-color:rgba(0, 0, 0, 0)\" class=\"has-inline-color has-vivid-cyan-blue-color\">ELECTRONIC COMMUNICATION<\/mark><\/strong><\/h2>\n\n\n\n<p><a href=\"mailto:info@anthea.com.tr\" target=\"_blank\" rel=\"noreferrer noopener\">info@anthea.com.tr<\/a><\/p>\n\n\n\n<p><a href=\"https:\/\/www.anthea.com.tr\" target=\"_blank\" rel=\"noreferrer noopener\">www.anthea.com.tr <\/a><\/p>\n<\/div><\/div>\n\n\n\n<p><\/p>\n\n\n\n<h2 class=\"wp-block-heading has-text-align-center\">How Can We Help You?<\/h2>\n\n\n\n<p class=\"has-text-align-center\">You can contact us by filling out the form below. <\/p>\n\n\n\n<div style=\"height:50px\" aria-hidden=\"true\" class=\"wp-block-spacer\"><\/div>\n\n\n\n<div class=\"wp-block-contact-form-7-contact-form-selector\">\n<div class=\"wpcf7 no-js\" id=\"wpcf7-f2979-o1\" lang=\"en-US\" dir=\"ltr\" data-wpcf7-id=\"2979\">\n<div class=\"screen-reader-response\"><p role=\"status\" aria-live=\"polite\" aria-atomic=\"true\"><\/p> <ul><\/ul><\/div>\n<form action=\"\/en\/wp-json\/wp\/v2\/pages\/2824#wpcf7-f2979-o1\" method=\"post\" class=\"wpcf7-form init\" aria-label=\"Contact form\" novalidate=\"novalidate\" data-status=\"init\">\n<fieldset class=\"hidden-fields-container\"><input type=\"hidden\" name=\"_wpcf7\" value=\"2979\" \/><input type=\"hidden\" name=\"_wpcf7_version\" value=\"6.1.5\" \/><input type=\"hidden\" name=\"_wpcf7_locale\" value=\"en_US\" \/><input type=\"hidden\" name=\"_wpcf7_unit_tag\" value=\"wpcf7-f2979-o1\" \/><input type=\"hidden\" name=\"_wpcf7_container_post\" value=\"0\" \/><input type=\"hidden\" name=\"_wpcf7_posted_data_hash\" value=\"\" \/><input type=\"hidden\" name=\"_wpcf7_recaptcha_response\" value=\"\" \/>\n<\/fieldset>\n<p><label> Name Familyname (necessary)<br \/>\n<span class=\"wpcf7-form-control-wrap\" data-name=\"your-name\"><input size=\"40\" maxlength=\"400\" class=\"wpcf7-form-control wpcf7-text wpcf7-validates-as-required\" aria-required=\"true\" aria-invalid=\"false\" value=\"\" type=\"text\" name=\"your-name\" \/><\/span> <\/label>\n<\/p>\n<p><label> Position in the company\/institution (necessary)<br \/>\n<span class=\"wpcf7-form-control-wrap\" data-name=\"your-position\"><input size=\"40\" maxlength=\"400\" class=\"wpcf7-form-control wpcf7-text wpcf7-validates-as-required\" aria-required=\"true\" aria-invalid=\"false\" value=\"\" type=\"text\" name=\"your-position\" \/><\/span> <\/label>\n<\/p>\n<p><label> Company \/ Institution (necessary)<br \/>\n<span class=\"wpcf7-form-control-wrap\" data-name=\"your-company\"><input size=\"40\" maxlength=\"400\" class=\"wpcf7-form-control wpcf7-text wpcf7-validates-as-required\" aria-required=\"true\" aria-invalid=\"false\" value=\"\" type=\"text\" name=\"your-company\" \/><\/span> <\/label>\n<\/p>\n<p><label> Your E-mail (necessary)<br \/>\n<span class=\"wpcf7-form-control-wrap\" data-name=\"your-email\"><input size=\"40\" maxlength=\"400\" class=\"wpcf7-form-control wpcf7-email wpcf7-validates-as-required wpcf7-text wpcf7-validates-as-email\" aria-required=\"true\" aria-invalid=\"false\" value=\"\" type=\"email\" name=\"your-email\" \/><\/span> <\/label>\n<\/p>\n<p><label> Phone (necessary)<br \/>\n<span class=\"wpcf7-form-control-wrap\" data-name=\"your-phone\"><input size=\"40\" maxlength=\"400\" class=\"wpcf7-form-control wpcf7-text\" aria-invalid=\"false\" value=\"\" type=\"text\" name=\"your-phone\" \/><\/span> <\/label>\n<\/p>\n<p><label> City (necessary)<br \/>\n<span class=\"wpcf7-form-control-wrap\" data-name=\"your-il\"><input size=\"40\" maxlength=\"400\" class=\"wpcf7-form-control wpcf7-text wpcf7-validates-as-required\" aria-required=\"true\" aria-invalid=\"false\" value=\"\" type=\"text\" name=\"your-il\" \/><\/span> <\/label>\n<\/p>\n<p><label> Country<br \/>\n<span class=\"wpcf7-form-control-wrap\" data-name=\"your-ulke\"><input size=\"40\" maxlength=\"400\" class=\"wpcf7-form-control wpcf7-text\" aria-invalid=\"false\" value=\"\" type=\"text\" name=\"your-ulke\" \/><\/span> <\/label>\n<\/p>\n<p><span class=\"wpcf7-form-control-wrap\" data-name=\"radio-703\"><span class=\"wpcf7-form-control wpcf7-radio\"><span class=\"wpcf7-list-item first\"><label><input type=\"radio\" name=\"radio-703\" value=\"Webinar\" checked=\"checked\" \/><span class=\"wpcf7-list-item-label\">Webinar<\/span><\/label><\/span><span class=\"wpcf7-list-item\"><label><input type=\"radio\" name=\"radio-703\" value=\"Hibirt Etkinlik\" \/><span class=\"wpcf7-list-item-label\">Hibirt Etkinlik<\/span><\/label><\/span><span class=\"wpcf7-list-item\"><label><input type=\"radio\" name=\"radio-703\" value=\"Sanal Etkinlik\" \/><span class=\"wpcf7-list-item-label\">Sanal Etkinlik<\/span><\/label><\/span><span class=\"wpcf7-list-item\"><label><input type=\"radio\" name=\"radio-703\" value=\"Festival\" \/><span class=\"wpcf7-list-item-label\">Festival<\/span><\/label><\/span><span class=\"wpcf7-list-item last\"><label><input type=\"radio\" name=\"radio-703\" value=\"Dan\u0131\u015fmanl\u0131k\" \/><span class=\"wpcf7-list-item-label\">Dan\u0131\u015fmanl\u0131k<\/span><\/label><\/span><\/span><\/span>\n<\/p>\n<p><label> Your message<br \/>\n<span class=\"wpcf7-form-control-wrap\" data-name=\"your-message\"><textarea cols=\"40\" rows=\"10\" maxlength=\"2000\" class=\"wpcf7-form-control wpcf7-textarea\" aria-invalid=\"false\" name=\"your-message\"><\/textarea><\/span> <\/label>\n<\/p>\n<p><input class=\"wpcf7-form-control wpcf7-submit has-spinner\" type=\"submit\" value=\"G\u00f6nder\" \/>\n<\/p><p style=\"display: none !important;\" class=\"akismet-fields-container\" data-prefix=\"_wpcf7_ak_\"><label>&#916;<textarea name=\"_wpcf7_ak_hp_textarea\" cols=\"45\" rows=\"8\" maxlength=\"100\"><\/textarea><\/label><input type=\"hidden\" id=\"ak_js_1\" name=\"_wpcf7_ak_js\" value=\"138\"\/><script>document.getElementById( \"ak_js_1\" ).setAttribute( \"value\", ( new Date() ).getTime() );<\/script><\/p><div class=\"wpcf7-response-output\" aria-hidden=\"true\"><\/div>\n<\/form>\n<\/div>\n<\/div>\n","protected":false},"excerpt":{"rendered":"<p>Home office Since the beginning of COVID-19 Pandemic we started working from our homes. We loved and we continue working from our homes in Istanbul.If you want to post us something, just phone us and ask for an address!But it would be more appreciated if you send it by mail! ISTANBUL as BUYAKA ISTANBUL Tel: [&hellip;]<\/p>\n","protected":false},"author":1,"featured_media":0,"parent":0,"menu_order":0,"comment_status":"closed","ping_status":"closed","template":"","meta":{"footnotes":""},"class_list":["post-2824","page","type-page","status-publish","hentry"],"yoast_head":"<!-- This site is optimized with the Yoast SEO plugin v27.4 - https:\/\/yoast.com\/product\/yoast-seo-wordpress\/ -->\n<title>CONTACT US - Anthea Fuarc\u0131l\u0131k Sekt\u00f6r\u00fc E\u011fitim, Dan\u0131\u015fmanl\u0131k ve Etkinlik Hizmetleri<\/title>\n<meta name=\"robots\" content=\"index, follow, max-snippet:-1, max-image-preview:large, max-video-preview:-1\" \/>\n<link rel=\"canonical\" href=\"https:\/\/www.anthea.com.tr\/en\/contact-us-3\/\" \/>\n<meta property=\"og:locale\" content=\"en_US\" \/>\n<meta property=\"og:type\" content=\"article\" \/>\n<meta property=\"og:title\" content=\"CONTACT US - Anthea Fuarc\u0131l\u0131k Sekt\u00f6r\u00fc E\u011fitim, Dan\u0131\u015fmanl\u0131k ve Etkinlik Hizmetleri\" \/>\n<meta property=\"og:description\" content=\"Home office Since the beginning of COVID-19 Pandemic we started working from our homes. We loved and we continue working from our homes in Istanbul.If you want to post us something, just phone us and ask for an address!But it would be more appreciated if you send it by mail! ISTANBUL as BUYAKA ISTANBUL Tel: [&hellip;]\" \/>\n<meta property=\"og:url\" content=\"https:\/\/www.anthea.com.tr\/en\/contact-us-3\/\" \/>\n<meta property=\"og:site_name\" content=\"Anthea Fuarc\u0131l\u0131k Sekt\u00f6r\u00fc E\u011fitim, Dan\u0131\u015fmanl\u0131k ve Etkinlik Hizmetleri\" \/>\n<meta property=\"article:publisher\" content=\"https:\/\/www.facebook.com\/Anthea.Antalya\" \/>\n<meta property=\"article:modified_time\" content=\"2024-02-20T19:58:56+00:00\" \/>\n<meta property=\"og:image\" content=\"http:\/\/www.anthea.net.tr\/wp-content\/uploads\/2023\/05\/workspace-1.png\" \/>\n<meta name=\"twitter:card\" content=\"summary_large_image\" \/>\n<meta name=\"twitter:site\" content=\"@AntheaAntalya\" \/>\n<meta name=\"twitter:label1\" content=\"Est. reading time\" \/>\n\t<meta name=\"twitter:data1\" content=\"2 minutes\" \/>\n<script type=\"application\/ld+json\" class=\"yoast-schema-graph\">{\"@context\":\"https:\\\/\\\/schema.org\",\"@graph\":[{\"@type\":\"WebPage\",\"@id\":\"https:\\\/\\\/www.anthea.com.tr\\\/en\\\/contact-us-3\\\/\",\"url\":\"https:\\\/\\\/www.anthea.com.tr\\\/en\\\/contact-us-3\\\/\",\"name\":\"CONTACT US - Anthea Fuarc\u0131l\u0131k Sekt\u00f6r\u00fc E\u011fitim, Dan\u0131\u015fmanl\u0131k ve Etkinlik Hizmetleri\",\"isPartOf\":{\"@id\":\"https:\\\/\\\/www.anthea.com.tr\\\/en\\\/#website\"},\"primaryImageOfPage\":{\"@id\":\"https:\\\/\\\/www.anthea.com.tr\\\/en\\\/contact-us-3\\\/#primaryimage\"},\"image\":{\"@id\":\"https:\\\/\\\/www.anthea.com.tr\\\/en\\\/contact-us-3\\\/#primaryimage\"},\"thumbnailUrl\":\"http:\\\/\\\/www.anthea.net.tr\\\/wp-content\\\/uploads\\\/2023\\\/05\\\/workspace-1.png\",\"datePublished\":\"2023-05-03T20:39:38+00:00\",\"dateModified\":\"2024-02-20T19:58:56+00:00\",\"breadcrumb\":{\"@id\":\"https:\\\/\\\/www.anthea.com.tr\\\/en\\\/contact-us-3\\\/#breadcrumb\"},\"inLanguage\":\"en-US\",\"potentialAction\":[{\"@type\":\"ReadAction\",\"target\":[\"https:\\\/\\\/www.anthea.com.tr\\\/en\\\/contact-us-3\\\/\"]}]},{\"@type\":\"ImageObject\",\"inLanguage\":\"en-US\",\"@id\":\"https:\\\/\\\/www.anthea.com.tr\\\/en\\\/contact-us-3\\\/#primaryimage\",\"url\":\"http:\\\/\\\/www.anthea.net.tr\\\/wp-content\\\/uploads\\\/2023\\\/05\\\/workspace-1.png\",\"contentUrl\":\"http:\\\/\\\/www.anthea.net.tr\\\/wp-content\\\/uploads\\\/2023\\\/05\\\/workspace-1.png\"},{\"@type\":\"BreadcrumbList\",\"@id\":\"https:\\\/\\\/www.anthea.com.tr\\\/en\\\/contact-us-3\\\/#breadcrumb\",\"itemListElement\":[{\"@type\":\"ListItem\",\"position\":1,\"name\":\"Home\",\"item\":\"https:\\\/\\\/www.anthea.com.tr\\\/en\\\/homepage\\\/\"},{\"@type\":\"ListItem\",\"position\":2,\"name\":\"CONTACT US\"}]},{\"@type\":\"WebSite\",\"@id\":\"https:\\\/\\\/www.anthea.com.tr\\\/en\\\/#website\",\"url\":\"https:\\\/\\\/www.anthea.com.tr\\\/en\\\/\",\"name\":\"Anthea Fuarc\u0131l\u0131k Sekt\u00f6r\u00fc E\u011fitim, Dan\u0131\u015fmanl\u0131k ve Etkinlik Hizmetleri\",\"description\":\"Fuarc\u0131l\u0131k Sekt\u00f6r\u00fc E\u011fitim, Dan\u0131\u015fmanl\u0131k ve Etkinlik Hizmetleri\",\"publisher\":{\"@id\":\"https:\\\/\\\/www.anthea.com.tr\\\/en\\\/#organization\"},\"potentialAction\":[{\"@type\":\"SearchAction\",\"target\":{\"@type\":\"EntryPoint\",\"urlTemplate\":\"https:\\\/\\\/www.anthea.com.tr\\\/en\\\/?s={search_term_string}\"},\"query-input\":{\"@type\":\"PropertyValueSpecification\",\"valueRequired\":true,\"valueName\":\"search_term_string\"}}],\"inLanguage\":\"en-US\"},{\"@type\":\"Organization\",\"@id\":\"https:\\\/\\\/www.anthea.com.tr\\\/en\\\/#organization\",\"name\":\"Anthea Fuarc\u0131l\u0131k Sekt\u00f6r\u00fc E\u011fitim, Dan\u0131\u015fmanl\u0131k ve Etkinlik Hizmetleri\",\"url\":\"https:\\\/\\\/www.anthea.com.tr\\\/en\\\/\",\"logo\":{\"@type\":\"ImageObject\",\"inLanguage\":\"en-US\",\"@id\":\"https:\\\/\\\/www.anthea.com.tr\\\/en\\\/#\\\/schema\\\/logo\\\/image\\\/\",\"url\":\"https:\\\/\\\/www.anthea.com.tr\\\/wp-content\\\/uploads\\\/2023\\\/12\\\/ANTHEA-1600x900-w.png\",\"contentUrl\":\"https:\\\/\\\/www.anthea.com.tr\\\/wp-content\\\/uploads\\\/2023\\\/12\\\/ANTHEA-1600x900-w.png\",\"width\":1600,\"height\":900,\"caption\":\"Anthea Fuarc\u0131l\u0131k Sekt\u00f6r\u00fc E\u011fitim, Dan\u0131\u015fmanl\u0131k ve Etkinlik Hizmetleri\"},\"image\":{\"@id\":\"https:\\\/\\\/www.anthea.com.tr\\\/en\\\/#\\\/schema\\\/logo\\\/image\\\/\"},\"sameAs\":[\"https:\\\/\\\/www.facebook.com\\\/Anthea.Antalya\",\"https:\\\/\\\/x.com\\\/AntheaAntalya\",\"https:\\\/\\\/www.linkedin.com\\\/company\\\/anthea-ltd\\\/\",\"https:\\\/\\\/www.instagram.com\\\/anthea.ltd\\\/\",\"https:\\\/\\\/www.youtube.com\\\/@antheaorganizasyon5192\"]}]}<\/script>\n<!-- \/ Yoast SEO plugin. -->","yoast_head_json":{"title":"CONTACT US - Anthea Fuarc\u0131l\u0131k Sekt\u00f6r\u00fc E\u011fitim, Dan\u0131\u015fmanl\u0131k ve Etkinlik Hizmetleri","robots":{"index":"index","follow":"follow","max-snippet":"max-snippet:-1","max-image-preview":"max-image-preview:large","max-video-preview":"max-video-preview:-1"},"canonical":"https:\/\/www.anthea.com.tr\/en\/contact-us-3\/","og_locale":"en_US","og_type":"article","og_title":"CONTACT US - Anthea Fuarc\u0131l\u0131k Sekt\u00f6r\u00fc E\u011fitim, Dan\u0131\u015fmanl\u0131k ve Etkinlik Hizmetleri","og_description":"Home office Since the beginning of COVID-19 Pandemic we started working from our homes. We loved and we continue working from our homes in Istanbul.If you want to post us something, just phone us and ask for an address!But it would be more appreciated if you send it by mail! ISTANBUL as BUYAKA ISTANBUL Tel: [&hellip;]","og_url":"https:\/\/www.anthea.com.tr\/en\/contact-us-3\/","og_site_name":"Anthea Fuarc\u0131l\u0131k Sekt\u00f6r\u00fc E\u011fitim, Dan\u0131\u015fmanl\u0131k ve Etkinlik Hizmetleri","article_publisher":"https:\/\/www.facebook.com\/Anthea.Antalya","article_modified_time":"2024-02-20T19:58:56+00:00","og_image":[{"url":"http:\/\/www.anthea.net.tr\/wp-content\/uploads\/2023\/05\/workspace-1.png","type":"","width":"","height":""}],"twitter_card":"summary_large_image","twitter_site":"@AntheaAntalya","twitter_misc":{"Est. reading time":"2 minutes"},"schema":{"@context":"https:\/\/schema.org","@graph":[{"@type":"WebPage","@id":"https:\/\/www.anthea.com.tr\/en\/contact-us-3\/","url":"https:\/\/www.anthea.com.tr\/en\/contact-us-3\/","name":"CONTACT US - Anthea Fuarc\u0131l\u0131k Sekt\u00f6r\u00fc E\u011fitim, Dan\u0131\u015fmanl\u0131k ve Etkinlik Hizmetleri","isPartOf":{"@id":"https:\/\/www.anthea.com.tr\/en\/#website"},"primaryImageOfPage":{"@id":"https:\/\/www.anthea.com.tr\/en\/contact-us-3\/#primaryimage"},"image":{"@id":"https:\/\/www.anthea.com.tr\/en\/contact-us-3\/#primaryimage"},"thumbnailUrl":"http:\/\/www.anthea.net.tr\/wp-content\/uploads\/2023\/05\/workspace-1.png","datePublished":"2023-05-03T20:39:38+00:00","dateModified":"2024-02-20T19:58:56+00:00","breadcrumb":{"@id":"https:\/\/www.anthea.com.tr\/en\/contact-us-3\/#breadcrumb"},"inLanguage":"en-US","potentialAction":[{"@type":"ReadAction","target":["https:\/\/www.anthea.com.tr\/en\/contact-us-3\/"]}]},{"@type":"ImageObject","inLanguage":"en-US","@id":"https:\/\/www.anthea.com.tr\/en\/contact-us-3\/#primaryimage","url":"http:\/\/www.anthea.net.tr\/wp-content\/uploads\/2023\/05\/workspace-1.png","contentUrl":"http:\/\/www.anthea.net.tr\/wp-content\/uploads\/2023\/05\/workspace-1.png"},{"@type":"BreadcrumbList","@id":"https:\/\/www.anthea.com.tr\/en\/contact-us-3\/#breadcrumb","itemListElement":[{"@type":"ListItem","position":1,"name":"Home","item":"https:\/\/www.anthea.com.tr\/en\/homepage\/"},{"@type":"ListItem","position":2,"name":"CONTACT US"}]},{"@type":"WebSite","@id":"https:\/\/www.anthea.com.tr\/en\/#website","url":"https:\/\/www.anthea.com.tr\/en\/","name":"Anthea Fuarc\u0131l\u0131k Sekt\u00f6r\u00fc E\u011fitim, Dan\u0131\u015fmanl\u0131k ve Etkinlik Hizmetleri","description":"Fuarc\u0131l\u0131k Sekt\u00f6r\u00fc E\u011fitim, Dan\u0131\u015fmanl\u0131k ve Etkinlik Hizmetleri","publisher":{"@id":"https:\/\/www.anthea.com.tr\/en\/#organization"},"potentialAction":[{"@type":"SearchAction","target":{"@type":"EntryPoint","urlTemplate":"https:\/\/www.anthea.com.tr\/en\/?s={search_term_string}"},"query-input":{"@type":"PropertyValueSpecification","valueRequired":true,"valueName":"search_term_string"}}],"inLanguage":"en-US"},{"@type":"Organization","@id":"https:\/\/www.anthea.com.tr\/en\/#organization","name":"Anthea Fuarc\u0131l\u0131k Sekt\u00f6r\u00fc E\u011fitim, Dan\u0131\u015fmanl\u0131k ve Etkinlik Hizmetleri","url":"https:\/\/www.anthea.com.tr\/en\/","logo":{"@type":"ImageObject","inLanguage":"en-US","@id":"https:\/\/www.anthea.com.tr\/en\/#\/schema\/logo\/image\/","url":"https:\/\/www.anthea.com.tr\/wp-content\/uploads\/2023\/12\/ANTHEA-1600x900-w.png","contentUrl":"https:\/\/www.anthea.com.tr\/wp-content\/uploads\/2023\/12\/ANTHEA-1600x900-w.png","width":1600,"height":900,"caption":"Anthea Fuarc\u0131l\u0131k Sekt\u00f6r\u00fc E\u011fitim, Dan\u0131\u015fmanl\u0131k ve Etkinlik Hizmetleri"},"image":{"@id":"https:\/\/www.anthea.com.tr\/en\/#\/schema\/logo\/image\/"},"sameAs":["https:\/\/www.facebook.com\/Anthea.Antalya","https:\/\/x.com\/AntheaAntalya","https:\/\/www.linkedin.com\/company\/anthea-ltd\/","https:\/\/www.instagram.com\/anthea.ltd\/","https:\/\/www.youtube.com\/@antheaorganizasyon5192"]}]}},"_links":{"self":[{"href":"https:\/\/www.anthea.com.tr\/en\/wp-json\/wp\/v2\/pages\/2824","targetHints":{"allow":["GET"]}}],"collection":[{"href":"https:\/\/www.anthea.com.tr\/en\/wp-json\/wp\/v2\/pages"}],"about":[{"href":"https:\/\/www.anthea.com.tr\/en\/wp-json\/wp\/v2\/types\/page"}],"author":[{"embeddable":true,"href":"https:\/\/www.anthea.com.tr\/en\/wp-json\/wp\/v2\/users\/1"}],"replies":[{"embeddable":true,"href":"https:\/\/www.anthea.com.tr\/en\/wp-json\/wp\/v2\/comments?post=2824"}],"version-history":[{"count":5,"href":"https:\/\/www.anthea.com.tr\/en\/wp-json\/wp\/v2\/pages\/2824\/revisions"}],"predecessor-version":[{"id":3513,"href":"https:\/\/www.anthea.com.tr\/en\/wp-json\/wp\/v2\/pages\/2824\/revisions\/3513"}],"wp:attachment":[{"href":"https:\/\/www.anthea.com.tr\/en\/wp-json\/wp\/v2\/media?parent=2824"}],"curies":[{"name":"wp","href":"https:\/\/api.w.org\/{rel}","templated":true}]}}