{"id":2790,"date":"2023-05-03T20:04:24","date_gmt":"2023-05-03T20:04:24","guid":{"rendered":"http:\/\/www.anthea.net.tr\/official-information\/"},"modified":"2023-12-30T07:36:48","modified_gmt":"2023-12-30T07:36:48","slug":"official-information","status":"publish","type":"page","link":"https:\/\/www.anthea.com.tr\/en\/official-information\/","title":{"rendered":"Official Information"},"content":{"rendered":"\n<div class=\"wp-block-media-text alignwide is-stacked-on-mobile\" style=\"grid-template-columns:15% auto\"><figure class=\"wp-block-media-text__media\"><img loading=\"lazy\" decoding=\"async\" width=\"512\" height=\"512\" src=\"http:\/\/www.anthea.net.tr\/wp-content\/uploads\/2023\/05\/invoice_2.png\" alt=\"\" class=\"wp-image-1876 size-full\" srcset=\"https:\/\/www.anthea.com.tr\/wp-content\/uploads\/2023\/05\/invoice_2.png 512w, https:\/\/www.anthea.com.tr\/wp-content\/uploads\/2023\/05\/invoice_2-300x300.png 300w, https:\/\/www.anthea.com.tr\/wp-content\/uploads\/2023\/05\/invoice_2-150x150.png 150w, https:\/\/www.anthea.com.tr\/wp-content\/uploads\/2023\/05\/invoice_2-350x350.png 350w\" sizes=\"auto, (max-width: 512px) 100vw, 512px\" \/><\/figure><div class=\"wp-block-media-text__content\">\n<p><\/p>\n\n\n\n<h4 class=\"wp-block-heading\"><strong><strong><mark style=\"background-color:rgba(0, 0, 0, 0);color:#009a93\" class=\"has-inline-color\">ANTHEA TUR\u0130ZM ORGAN\u0130ZASYON REKLAM YAYINCILIK T\u0130CARET LTD \u015eT\u0130 .<\/mark><\/strong><\/strong>.<\/h4>\n\n\n\n<p><strong>Tax Office<\/strong>: Antalya Kurumlar Vergi Dairesi<\/p>\n\n\n\n<p><strong>Tax No: <\/strong>070 032 3097<\/p>\n\n\n\n<p><strong>Trade Registry No: <\/strong>63843<\/p>\n\n\n\n<p><strong>Chamber Registry No: <\/strong>66083<strong><\/strong><\/p>\n\n\n\n<p><strong>Tic. Registration Date : <\/strong>15.10.2010<\/p>\n<\/div><\/div>\n\n<div style=\"height:100px\" aria-hidden=\"true\" class=\"wp-block-spacer\"><\/div>\n\n<div class=\"wp-block-media-text alignwide is-stacked-on-mobile\" style=\"grid-template-columns:15% auto\"><figure class=\"wp-block-media-text__media\"><img loading=\"lazy\" decoding=\"async\" width=\"512\" height=\"512\" src=\"http:\/\/www.anthea.net.tr\/wp-content\/uploads\/2023\/05\/postcard-1.png\" alt=\"\" class=\"wp-image-1877 size-full\" srcset=\"https:\/\/www.anthea.com.tr\/wp-content\/uploads\/2023\/05\/postcard-1.png 512w, https:\/\/www.anthea.com.tr\/wp-content\/uploads\/2023\/05\/postcard-1-300x300.png 300w, https:\/\/www.anthea.com.tr\/wp-content\/uploads\/2023\/05\/postcard-1-150x150.png 150w, https:\/\/www.anthea.com.tr\/wp-content\/uploads\/2023\/05\/postcard-1-350x350.png 350w\" sizes=\"auto, (max-width: 512px) 100vw, 512px\" \/><\/figure><div class=\"wp-block-media-text__content\">\n<h4 class=\"wp-block-heading\"><strong><mark style=\"background-color:rgba(0, 0, 0, 0);color:#009a93\" class=\"has-inline-color\">ANTHEA TUR\u0130ZM ORGAN\u0130ZASYON REKLAM YAYINCILIK T\u0130CARET LTD. \u015eT\u0130.<\/mark><\/strong><\/h4>\n\n\n\n<p><strong>Address:<\/strong><\/p>\n\n\n\n<p>Hashimishcan mah. Ataturk Cad. 29\/8 07100<br\/>\u00dc\u00e7kapilar\/Muratpa\u015fa Antalya Turkey<\/p>\n\n\n\n<p>Tel: +90 242 323 51 10<\/p>\n\n\n\n<p>Fax: +90 242 323 51 11<\/p>\n\n\n\n<p><a href=\"mailto:info@anthea.com.tr\">info@anthea.com.tr<\/a><\/p>\n\n\n\n<p><a href=\"http:\/\/www.anthea.com.tr\/\">www.anthea.com.tr<\/a><\/p>\n<\/div><\/div>\n\n<div style=\"height:100px\" aria-hidden=\"true\" class=\"wp-block-spacer\"><\/div>\n\n<div class=\"wp-block-media-text alignwide is-stacked-on-mobile\" style=\"grid-template-columns:15% auto\"><figure class=\"wp-block-media-text__media\"><img loading=\"lazy\" decoding=\"async\" width=\"512\" height=\"512\" src=\"http:\/\/www.anthea.net.tr\/wp-content\/uploads\/2023\/05\/budget2.png\" alt=\"\" class=\"wp-image-1882 size-full\" srcset=\"https:\/\/www.anthea.com.tr\/wp-content\/uploads\/2023\/05\/budget2.png 512w, https:\/\/www.anthea.com.tr\/wp-content\/uploads\/2023\/05\/budget2-300x300.png 300w, https:\/\/www.anthea.com.tr\/wp-content\/uploads\/2023\/05\/budget2-150x150.png 150w, https:\/\/www.anthea.com.tr\/wp-content\/uploads\/2023\/05\/budget2-350x350.png 350w\" sizes=\"auto, (max-width: 512px) 100vw, 512px\" \/><\/figure><div class=\"wp-block-media-text__content\">\n<h4 class=\"wp-block-heading\"><mark style=\"background-color:rgba(0, 0, 0, 0);color:#f39200\" class=\"has-inline-color\">Bank Information<\/mark><\/h4>\n\n\n\n<p><strong>GUARANTEE BANK<\/strong><\/p>\n\n\n\n<p>Branch: FENER BRANCH &#8211; ANTALYA<br\/>Customer ANTHEA TURI\u0307ZM ORGANI\u0307ZM ORGANI\u0307ZASON REKLAMCILIK YAYINCILIK TI\u0307CARET LI\u0307MI\u0307 \u015eI\u0307RKETI\u0307<\/p>\n\n\n\n<p><strong>TL Account<\/strong> 1128 &#8211; 6299147<br\/>IBAN: TR95 0006 2001 1280 0006 2991 47<\/p>\n\n\n\n<p><strong>EURO Account:<\/strong> 1128 &#8211; 9097017<br\/>IBAN: TR95 0006 2001 1280 0009 0970 17<\/p>\n\n\n\n<p><strong>USD Account<\/strong> 1128 &#8211; 9097018<br\/>IBAN: TR95 0006 2001 1280 0009 0970 18<\/p>\n<\/div><\/div>\n\n<p><\/p>\n\n<p><br\/><br\/><\/p>\n\n<h3 class=\"wp-block-heading\"><\/h3>\n","protected":false},"excerpt":{"rendered":"<p>ANTHEA TUR\u0130ZM ORGAN\u0130ZASYON REKLAM YAYINCILIK T\u0130CARET LTD \u015eT\u0130 .. Tax Office: Antalya Kurumlar Vergi Dairesi Tax No: 070 032 3097 Trade Registry No: 63843 Chamber Registry No: 66083 Tic. Registration Date : 15.10.2010 ANTHEA TUR\u0130ZM ORGAN\u0130ZASYON REKLAM YAYINCILIK T\u0130CARET LTD. \u015eT\u0130. Address: Hashimishcan mah. Ataturk Cad. 29\/8 07100\u00dc\u00e7kapilar\/Muratpa\u015fa Antalya Turkey Tel: +90 242 323 51 [&hellip;]<\/p>\n","protected":false},"author":1,"featured_media":0,"parent":0,"menu_order":0,"comment_status":"closed","ping_status":"closed","template":"","meta":{"footnotes":""},"class_list":["post-2790","page","type-page","status-publish","hentry"],"yoast_head":"<!-- This site is optimized with the Yoast SEO plugin v27.4 - https:\/\/yoast.com\/product\/yoast-seo-wordpress\/ -->\n<title>Official Information - Anthea Fuarc\u0131l\u0131k Sekt\u00f6r\u00fc E\u011fitim, Dan\u0131\u015fmanl\u0131k ve Etkinlik Hizmetleri<\/title>\n<meta name=\"robots\" content=\"index, follow, max-snippet:-1, max-image-preview:large, max-video-preview:-1\" \/>\n<link rel=\"canonical\" href=\"https:\/\/www.anthea.com.tr\/en\/official-information\/\" \/>\n<meta property=\"og:locale\" content=\"en_US\" \/>\n<meta property=\"og:type\" content=\"article\" \/>\n<meta property=\"og:title\" content=\"Official Information - Anthea Fuarc\u0131l\u0131k Sekt\u00f6r\u00fc E\u011fitim, Dan\u0131\u015fmanl\u0131k ve Etkinlik Hizmetleri\" \/>\n<meta property=\"og:description\" content=\"ANTHEA TUR\u0130ZM ORGAN\u0130ZASYON REKLAM YAYINCILIK T\u0130CARET LTD \u015eT\u0130 .. Tax Office: Antalya Kurumlar Vergi Dairesi Tax No: 070 032 3097 Trade Registry No: 63843 Chamber Registry No: 66083 Tic. Registration Date : 15.10.2010 ANTHEA TUR\u0130ZM ORGAN\u0130ZASYON REKLAM YAYINCILIK T\u0130CARET LTD. \u015eT\u0130. Address: Hashimishcan mah. Ataturk Cad. 29\/8 07100\u00dc\u00e7kapilar\/Muratpa\u015fa Antalya Turkey Tel: +90 242 323 51 [&hellip;]\" \/>\n<meta property=\"og:url\" content=\"https:\/\/www.anthea.com.tr\/en\/official-information\/\" \/>\n<meta property=\"og:site_name\" content=\"Anthea Fuarc\u0131l\u0131k Sekt\u00f6r\u00fc E\u011fitim, Dan\u0131\u015fmanl\u0131k ve Etkinlik Hizmetleri\" \/>\n<meta property=\"article:publisher\" content=\"https:\/\/www.facebook.com\/Anthea.Antalya\" \/>\n<meta property=\"article:modified_time\" content=\"2023-12-30T07:36:48+00:00\" \/>\n<meta property=\"og:image\" content=\"http:\/\/www.anthea.net.tr\/wp-content\/uploads\/2023\/05\/invoice_2.png\" \/>\n<meta name=\"twitter:card\" content=\"summary_large_image\" \/>\n<meta name=\"twitter:site\" content=\"@AntheaAntalya\" \/>\n<meta name=\"twitter:label1\" content=\"Est. reading time\" \/>\n\t<meta name=\"twitter:data1\" content=\"2 minutes\" \/>\n<script type=\"application\/ld+json\" class=\"yoast-schema-graph\">{\"@context\":\"https:\\\/\\\/schema.org\",\"@graph\":[{\"@type\":\"WebPage\",\"@id\":\"https:\\\/\\\/www.anthea.com.tr\\\/en\\\/official-information\\\/\",\"url\":\"https:\\\/\\\/www.anthea.com.tr\\\/en\\\/official-information\\\/\",\"name\":\"Official Information - Anthea Fuarc\u0131l\u0131k Sekt\u00f6r\u00fc E\u011fitim, Dan\u0131\u015fmanl\u0131k ve Etkinlik Hizmetleri\",\"isPartOf\":{\"@id\":\"https:\\\/\\\/www.anthea.com.tr\\\/en\\\/#website\"},\"primaryImageOfPage\":{\"@id\":\"https:\\\/\\\/www.anthea.com.tr\\\/en\\\/official-information\\\/#primaryimage\"},\"image\":{\"@id\":\"https:\\\/\\\/www.anthea.com.tr\\\/en\\\/official-information\\\/#primaryimage\"},\"thumbnailUrl\":\"http:\\\/\\\/www.anthea.net.tr\\\/wp-content\\\/uploads\\\/2023\\\/05\\\/invoice_2.png\",\"datePublished\":\"2023-05-03T20:04:24+00:00\",\"dateModified\":\"2023-12-30T07:36:48+00:00\",\"breadcrumb\":{\"@id\":\"https:\\\/\\\/www.anthea.com.tr\\\/en\\\/official-information\\\/#breadcrumb\"},\"inLanguage\":\"en-US\",\"potentialAction\":[{\"@type\":\"ReadAction\",\"target\":[\"https:\\\/\\\/www.anthea.com.tr\\\/en\\\/official-information\\\/\"]}]},{\"@type\":\"ImageObject\",\"inLanguage\":\"en-US\",\"@id\":\"https:\\\/\\\/www.anthea.com.tr\\\/en\\\/official-information\\\/#primaryimage\",\"url\":\"http:\\\/\\\/www.anthea.net.tr\\\/wp-content\\\/uploads\\\/2023\\\/05\\\/invoice_2.png\",\"contentUrl\":\"http:\\\/\\\/www.anthea.net.tr\\\/wp-content\\\/uploads\\\/2023\\\/05\\\/invoice_2.png\"},{\"@type\":\"BreadcrumbList\",\"@id\":\"https:\\\/\\\/www.anthea.com.tr\\\/en\\\/official-information\\\/#breadcrumb\",\"itemListElement\":[{\"@type\":\"ListItem\",\"position\":1,\"name\":\"Home\",\"item\":\"https:\\\/\\\/www.anthea.com.tr\\\/en\\\/homepage\\\/\"},{\"@type\":\"ListItem\",\"position\":2,\"name\":\"Official Information\"}]},{\"@type\":\"WebSite\",\"@id\":\"https:\\\/\\\/www.anthea.com.tr\\\/en\\\/#website\",\"url\":\"https:\\\/\\\/www.anthea.com.tr\\\/en\\\/\",\"name\":\"Anthea Fuarc\u0131l\u0131k Sekt\u00f6r\u00fc E\u011fitim, Dan\u0131\u015fmanl\u0131k ve Etkinlik Hizmetleri\",\"description\":\"Fuarc\u0131l\u0131k Sekt\u00f6r\u00fc E\u011fitim, Dan\u0131\u015fmanl\u0131k ve Etkinlik Hizmetleri\",\"publisher\":{\"@id\":\"https:\\\/\\\/www.anthea.com.tr\\\/en\\\/#organization\"},\"potentialAction\":[{\"@type\":\"SearchAction\",\"target\":{\"@type\":\"EntryPoint\",\"urlTemplate\":\"https:\\\/\\\/www.anthea.com.tr\\\/en\\\/?s={search_term_string}\"},\"query-input\":{\"@type\":\"PropertyValueSpecification\",\"valueRequired\":true,\"valueName\":\"search_term_string\"}}],\"inLanguage\":\"en-US\"},{\"@type\":\"Organization\",\"@id\":\"https:\\\/\\\/www.anthea.com.tr\\\/en\\\/#organization\",\"name\":\"Anthea Fuarc\u0131l\u0131k Sekt\u00f6r\u00fc E\u011fitim, Dan\u0131\u015fmanl\u0131k ve Etkinlik Hizmetleri\",\"url\":\"https:\\\/\\\/www.anthea.com.tr\\\/en\\\/\",\"logo\":{\"@type\":\"ImageObject\",\"inLanguage\":\"en-US\",\"@id\":\"https:\\\/\\\/www.anthea.com.tr\\\/en\\\/#\\\/schema\\\/logo\\\/image\\\/\",\"url\":\"https:\\\/\\\/www.anthea.com.tr\\\/wp-content\\\/uploads\\\/2023\\\/12\\\/ANTHEA-1600x900-w.png\",\"contentUrl\":\"https:\\\/\\\/www.anthea.com.tr\\\/wp-content\\\/uploads\\\/2023\\\/12\\\/ANTHEA-1600x900-w.png\",\"width\":1600,\"height\":900,\"caption\":\"Anthea Fuarc\u0131l\u0131k Sekt\u00f6r\u00fc E\u011fitim, Dan\u0131\u015fmanl\u0131k ve Etkinlik Hizmetleri\"},\"image\":{\"@id\":\"https:\\\/\\\/www.anthea.com.tr\\\/en\\\/#\\\/schema\\\/logo\\\/image\\\/\"},\"sameAs\":[\"https:\\\/\\\/www.facebook.com\\\/Anthea.Antalya\",\"https:\\\/\\\/x.com\\\/AntheaAntalya\",\"https:\\\/\\\/www.linkedin.com\\\/company\\\/anthea-ltd\\\/\",\"https:\\\/\\\/www.instagram.com\\\/anthea.ltd\\\/\",\"https:\\\/\\\/www.youtube.com\\\/@antheaorganizasyon5192\"]}]}<\/script>\n<!-- \/ Yoast SEO plugin. -->","yoast_head_json":{"title":"Official Information - Anthea Fuarc\u0131l\u0131k Sekt\u00f6r\u00fc E\u011fitim, Dan\u0131\u015fmanl\u0131k ve Etkinlik Hizmetleri","robots":{"index":"index","follow":"follow","max-snippet":"max-snippet:-1","max-image-preview":"max-image-preview:large","max-video-preview":"max-video-preview:-1"},"canonical":"https:\/\/www.anthea.com.tr\/en\/official-information\/","og_locale":"en_US","og_type":"article","og_title":"Official Information - Anthea Fuarc\u0131l\u0131k Sekt\u00f6r\u00fc E\u011fitim, Dan\u0131\u015fmanl\u0131k ve Etkinlik Hizmetleri","og_description":"ANTHEA TUR\u0130ZM ORGAN\u0130ZASYON REKLAM YAYINCILIK T\u0130CARET LTD \u015eT\u0130 .. Tax Office: Antalya Kurumlar Vergi Dairesi Tax No: 070 032 3097 Trade Registry No: 63843 Chamber Registry No: 66083 Tic. Registration Date : 15.10.2010 ANTHEA TUR\u0130ZM ORGAN\u0130ZASYON REKLAM YAYINCILIK T\u0130CARET LTD. \u015eT\u0130. Address: Hashimishcan mah. Ataturk Cad. 29\/8 07100\u00dc\u00e7kapilar\/Muratpa\u015fa Antalya Turkey Tel: +90 242 323 51 [&hellip;]","og_url":"https:\/\/www.anthea.com.tr\/en\/official-information\/","og_site_name":"Anthea Fuarc\u0131l\u0131k Sekt\u00f6r\u00fc E\u011fitim, Dan\u0131\u015fmanl\u0131k ve Etkinlik Hizmetleri","article_publisher":"https:\/\/www.facebook.com\/Anthea.Antalya","article_modified_time":"2023-12-30T07:36:48+00:00","og_image":[{"url":"http:\/\/www.anthea.net.tr\/wp-content\/uploads\/2023\/05\/invoice_2.png","type":"","width":"","height":""}],"twitter_card":"summary_large_image","twitter_site":"@AntheaAntalya","twitter_misc":{"Est. reading time":"2 minutes"},"schema":{"@context":"https:\/\/schema.org","@graph":[{"@type":"WebPage","@id":"https:\/\/www.anthea.com.tr\/en\/official-information\/","url":"https:\/\/www.anthea.com.tr\/en\/official-information\/","name":"Official Information - Anthea Fuarc\u0131l\u0131k Sekt\u00f6r\u00fc E\u011fitim, Dan\u0131\u015fmanl\u0131k ve Etkinlik Hizmetleri","isPartOf":{"@id":"https:\/\/www.anthea.com.tr\/en\/#website"},"primaryImageOfPage":{"@id":"https:\/\/www.anthea.com.tr\/en\/official-information\/#primaryimage"},"image":{"@id":"https:\/\/www.anthea.com.tr\/en\/official-information\/#primaryimage"},"thumbnailUrl":"http:\/\/www.anthea.net.tr\/wp-content\/uploads\/2023\/05\/invoice_2.png","datePublished":"2023-05-03T20:04:24+00:00","dateModified":"2023-12-30T07:36:48+00:00","breadcrumb":{"@id":"https:\/\/www.anthea.com.tr\/en\/official-information\/#breadcrumb"},"inLanguage":"en-US","potentialAction":[{"@type":"ReadAction","target":["https:\/\/www.anthea.com.tr\/en\/official-information\/"]}]},{"@type":"ImageObject","inLanguage":"en-US","@id":"https:\/\/www.anthea.com.tr\/en\/official-information\/#primaryimage","url":"http:\/\/www.anthea.net.tr\/wp-content\/uploads\/2023\/05\/invoice_2.png","contentUrl":"http:\/\/www.anthea.net.tr\/wp-content\/uploads\/2023\/05\/invoice_2.png"},{"@type":"BreadcrumbList","@id":"https:\/\/www.anthea.com.tr\/en\/official-information\/#breadcrumb","itemListElement":[{"@type":"ListItem","position":1,"name":"Home","item":"https:\/\/www.anthea.com.tr\/en\/homepage\/"},{"@type":"ListItem","position":2,"name":"Official Information"}]},{"@type":"WebSite","@id":"https:\/\/www.anthea.com.tr\/en\/#website","url":"https:\/\/www.anthea.com.tr\/en\/","name":"Anthea Fuarc\u0131l\u0131k Sekt\u00f6r\u00fc E\u011fitim, Dan\u0131\u015fmanl\u0131k ve Etkinlik Hizmetleri","description":"Fuarc\u0131l\u0131k Sekt\u00f6r\u00fc E\u011fitim, Dan\u0131\u015fmanl\u0131k ve Etkinlik Hizmetleri","publisher":{"@id":"https:\/\/www.anthea.com.tr\/en\/#organization"},"potentialAction":[{"@type":"SearchAction","target":{"@type":"EntryPoint","urlTemplate":"https:\/\/www.anthea.com.tr\/en\/?s={search_term_string}"},"query-input":{"@type":"PropertyValueSpecification","valueRequired":true,"valueName":"search_term_string"}}],"inLanguage":"en-US"},{"@type":"Organization","@id":"https:\/\/www.anthea.com.tr\/en\/#organization","name":"Anthea Fuarc\u0131l\u0131k Sekt\u00f6r\u00fc E\u011fitim, Dan\u0131\u015fmanl\u0131k ve Etkinlik Hizmetleri","url":"https:\/\/www.anthea.com.tr\/en\/","logo":{"@type":"ImageObject","inLanguage":"en-US","@id":"https:\/\/www.anthea.com.tr\/en\/#\/schema\/logo\/image\/","url":"https:\/\/www.anthea.com.tr\/wp-content\/uploads\/2023\/12\/ANTHEA-1600x900-w.png","contentUrl":"https:\/\/www.anthea.com.tr\/wp-content\/uploads\/2023\/12\/ANTHEA-1600x900-w.png","width":1600,"height":900,"caption":"Anthea Fuarc\u0131l\u0131k Sekt\u00f6r\u00fc E\u011fitim, Dan\u0131\u015fmanl\u0131k ve Etkinlik Hizmetleri"},"image":{"@id":"https:\/\/www.anthea.com.tr\/en\/#\/schema\/logo\/image\/"},"sameAs":["https:\/\/www.facebook.com\/Anthea.Antalya","https:\/\/x.com\/AntheaAntalya","https:\/\/www.linkedin.com\/company\/anthea-ltd\/","https:\/\/www.instagram.com\/anthea.ltd\/","https:\/\/www.youtube.com\/@antheaorganizasyon5192"]}]}},"_links":{"self":[{"href":"https:\/\/www.anthea.com.tr\/en\/wp-json\/wp\/v2\/pages\/2790","targetHints":{"allow":["GET"]}}],"collection":[{"href":"https:\/\/www.anthea.com.tr\/en\/wp-json\/wp\/v2\/pages"}],"about":[{"href":"https:\/\/www.anthea.com.tr\/en\/wp-json\/wp\/v2\/types\/page"}],"author":[{"embeddable":true,"href":"https:\/\/www.anthea.com.tr\/en\/wp-json\/wp\/v2\/users\/1"}],"replies":[{"embeddable":true,"href":"https:\/\/www.anthea.com.tr\/en\/wp-json\/wp\/v2\/comments?post=2790"}],"version-history":[{"count":4,"href":"https:\/\/www.anthea.com.tr\/en\/wp-json\/wp\/v2\/pages\/2790\/revisions"}],"predecessor-version":[{"id":2908,"href":"https:\/\/www.anthea.com.tr\/en\/wp-json\/wp\/v2\/pages\/2790\/revisions\/2908"}],"wp:attachment":[{"href":"https:\/\/www.anthea.com.tr\/en\/wp-json\/wp\/v2\/media?parent=2790"}],"curies":[{"name":"wp","href":"https:\/\/api.w.org\/{rel}","templated":true}]}}