{"id":2767,"date":"2023-05-03T19:52:44","date_gmt":"2023-05-03T19:52:44","guid":{"rendered":"http:\/\/www.anthea.net.tr\/about-us-3\/"},"modified":"2024-02-24T06:35:10","modified_gmt":"2024-02-24T06:35:10","slug":"about-us-3","status":"publish","type":"page","link":"https:\/\/www.anthea.com.tr\/en\/about-us-3\/","title":{"rendered":"About Us"},"content":{"rendered":"\n<div class=\"wp-block-media-text alignwide is-stacked-on-mobile\" style=\"grid-template-columns:21% auto\"><figure class=\"wp-block-media-text__media\"><img loading=\"lazy\" decoding=\"async\" width=\"800\" height=\"559\" src=\"http:\/\/www.anthea.net.tr\/wp-content\/uploads\/2023\/05\/ANTHEA.jpg\" alt=\"\" class=\"wp-image-1851 size-full\" srcset=\"https:\/\/www.anthea.com.tr\/wp-content\/uploads\/2023\/05\/ANTHEA.jpg 800w, https:\/\/www.anthea.com.tr\/wp-content\/uploads\/2023\/05\/ANTHEA-300x210.jpg 300w, https:\/\/www.anthea.com.tr\/wp-content\/uploads\/2023\/05\/ANTHEA-768x537.jpg 768w\" sizes=\"auto, (max-width: 800px) 100vw, 800px\" \/><\/figure><div class=\"wp-block-media-text__content\">\n<h4 class=\"wp-block-heading\"><strong>Since 2010&#8230;<\/strong><\/h4>\n\n\n\n<p>Anthea Tourism Organization Advertising Publishing Trade Ltd. \u015eti. was founded in 2010 by <a href=\"http:\/\/www.anthea.net.tr\/en\/?page_id=2849\">Mehmet D\u00dcKKANCI<\/a> and Partners in order to carry out the advertising and marketing works of Agoras Fair Services Ltd. \u015eti. in Antalya.<\/p>\n<\/div><\/div>\n\n\n\n<h4 class=\"wp-block-heading\"><strong>Agoras Fair Solution Partner<\/strong><\/h4>\n\n\n\n<p>Between 2010 and 2016, Anthea teams prepared the corporate identity of Florplant Ornamental Plants and Landscape Architecture Fair, Cosmoshow Cosmetics, Beauty and Personal Products Fair, RENSEF Renewable Energy Systems and Energy Efficiency Fair, SATEF Travel Agents and Suppliers Fair organized by Agoras Fair Services, and organized advertising promotion campaigns at local, national and international level.<\/p>\n\n\n\n<figure class=\"wp-block-gallery has-nested-images columns-6 is-cropped wp-block-gallery-1 is-layout-flex wp-block-gallery-is-layout-flex\">\n<figure class=\"wp-block-image size-full\"><img loading=\"lazy\" decoding=\"async\" width=\"200\" height=\"200\" data-id=\"1853\" src=\"http:\/\/www.anthea.net.tr\/wp-content\/uploads\/2023\/05\/fuarista-agoras.png\" alt=\"\" class=\"wp-image-1853\" srcset=\"https:\/\/www.anthea.com.tr\/wp-content\/uploads\/2023\/05\/fuarista-agoras.png 200w, https:\/\/www.anthea.com.tr\/wp-content\/uploads\/2023\/05\/fuarista-agoras-150x150.png 150w\" sizes=\"auto, (max-width: 200px) 100vw, 200px\" \/><\/figure>\n\n\n\n<figure class=\"wp-block-image size-full\"><img loading=\"lazy\" decoding=\"async\" width=\"200\" height=\"200\" data-id=\"1854\" src=\"http:\/\/www.anthea.net.tr\/wp-content\/uploads\/2023\/05\/fuarista-cosmoshow.png\" alt=\"\" class=\"wp-image-1854\" srcset=\"https:\/\/www.anthea.com.tr\/wp-content\/uploads\/2023\/05\/fuarista-cosmoshow.png 200w, https:\/\/www.anthea.com.tr\/wp-content\/uploads\/2023\/05\/fuarista-cosmoshow-150x150.png 150w\" sizes=\"auto, (max-width: 200px) 100vw, 200px\" \/><\/figure>\n\n\n\n<figure class=\"wp-block-image size-full\"><img loading=\"lazy\" decoding=\"async\" width=\"200\" height=\"200\" data-id=\"1855\" src=\"http:\/\/www.anthea.net.tr\/wp-content\/uploads\/2023\/05\/fuarista-edutalya.png\" alt=\"\" class=\"wp-image-1855\" srcset=\"https:\/\/www.anthea.com.tr\/wp-content\/uploads\/2023\/05\/fuarista-edutalya.png 200w, https:\/\/www.anthea.com.tr\/wp-content\/uploads\/2023\/05\/fuarista-edutalya-150x150.png 150w\" sizes=\"auto, (max-width: 200px) 100vw, 200px\" \/><\/figure>\n\n\n\n<figure class=\"wp-block-image size-full\"><img loading=\"lazy\" decoding=\"async\" width=\"200\" height=\"200\" data-id=\"1856\" src=\"http:\/\/www.anthea.net.tr\/wp-content\/uploads\/2023\/05\/fuarista-florplant.png\" alt=\"\" class=\"wp-image-1856\" srcset=\"https:\/\/www.anthea.com.tr\/wp-content\/uploads\/2023\/05\/fuarista-florplant.png 200w, https:\/\/www.anthea.com.tr\/wp-content\/uploads\/2023\/05\/fuarista-florplant-150x150.png 150w\" sizes=\"auto, (max-width: 200px) 100vw, 200px\" \/><\/figure>\n\n\n\n<figure class=\"wp-block-image size-full\"><img loading=\"lazy\" decoding=\"async\" width=\"201\" height=\"201\" data-id=\"1857\" src=\"http:\/\/www.anthea.net.tr\/wp-content\/uploads\/2023\/05\/fuarista-rensef.png\" alt=\"\" class=\"wp-image-1857\" srcset=\"https:\/\/www.anthea.com.tr\/wp-content\/uploads\/2023\/05\/fuarista-rensef.png 201w, https:\/\/www.anthea.com.tr\/wp-content\/uploads\/2023\/05\/fuarista-rensef-150x150.png 150w\" sizes=\"auto, (max-width: 201px) 100vw, 201px\" \/><\/figure>\n\n\n\n<figure class=\"wp-block-image size-full\"><img loading=\"lazy\" decoding=\"async\" width=\"200\" height=\"200\" data-id=\"1858\" src=\"http:\/\/www.anthea.net.tr\/wp-content\/uploads\/2023\/05\/fuarista-satef.png\" alt=\"\" class=\"wp-image-1858\" srcset=\"https:\/\/www.anthea.com.tr\/wp-content\/uploads\/2023\/05\/fuarista-satef.png 200w, https:\/\/www.anthea.com.tr\/wp-content\/uploads\/2023\/05\/fuarista-satef-150x150.png 150w\" sizes=\"auto, (max-width: 200px) 100vw, 200px\" \/><\/figure>\n<\/figure>\n\n\n\n<h4 class=\"wp-block-heading\"><strong>Antalya Flower Festival 2012-2016 Organizations<\/strong><\/h4>\n\n\n\n<div class=\"wp-block-media-text alignwide is-stacked-on-mobile\" style=\"grid-template-columns:19% auto\"><figure class=\"wp-block-media-text__media\"><img loading=\"lazy\" decoding=\"async\" width=\"200\" height=\"200\" src=\"http:\/\/www.anthea.net.tr\/wp-content\/uploads\/2023\/05\/fuarista-ACF.png\" alt=\"\" class=\"wp-image-1852 size-full\" srcset=\"https:\/\/www.anthea.com.tr\/wp-content\/uploads\/2023\/05\/fuarista-ACF.png 200w, https:\/\/www.anthea.com.tr\/wp-content\/uploads\/2023\/05\/fuarista-ACF-150x150.png 150w\" sizes=\"auto, (max-width: 200px) 100vw, 200px\" \/><\/figure><div class=\"wp-block-media-text__content\">\n<p>Between 2012 and 2016, we organized the Antalya Flower Festival in Antalya. Within the scope of the festival organization, Antalya Flower Festival provided services in the field of website content management, social media management, corporate graphic design, festival stage programs, relations with institutions, organization of festival events. Antalya Flower Festival is organized under the leadership of the Central Anatolian Exporters Association, Antalya Commodity Exchange, Antalya Chamber of Commerce and Industry, Expo 2016 Antalya Agency, Antalya Governorship, Antalya Metropolitan Municipality, Turkish Exporters Assembly, Ornamental Plants Promotion Group, Flower Promotion Group, Ornamental Plants Producers Sub-union, Antalya Provincial Directorate of Agriculture, Organized with the support of Antalya Provincial Directorate of Culture and Tourism, Antalya Provincial Directorate of National Education, Akdeniz University, Muratpa\u015fa Municipality, Kepez Municipality, Konyaalt\u0131 Municipality, Aksu Municipality, D\u00f6\u015femealt\u0131 Municipality, Chamber of Landscape Architects Antalya Branch, Antalya Journalists Association, Interflora, Antalya Chamber of Florists, Ornamental Plants Exporters Association, Mediterranean Ornamental Plants Producers Association.<\/p>\n<\/div><\/div>\n\n\n\n<p><\/p>\n\n\n\n<h4 class=\"wp-block-heading\"><strong>Marketing Communications Solution Partner in Antalya<\/strong><\/h4>\n\n\n\n<p>Anthea, as a corporate solution partner in marketing communication in Antalya between 2011-2016, provided services to various institutions and companies in and outside of Antalya, such as graphic design, corporate identity design, printed works, website architecture, design and content management, e-mail marketing campaign management, social media campaigns, outdoor campaigns, press relations, meeting, event services, festival organizations, participation in domestic and international fairs, preparation services, sponsorship consultancy.<\/p>\n\n\n\n<h4 class=\"wp-block-heading\"><strong>Quiet Period<\/strong><\/h4>\n\n\n\n<p>Between December 2016 and September 2019, it remained silent, ceasing its activities.<\/p>\n\n\n\n<h4 class=\"wp-block-heading\"><strong>Fuarista Start<\/strong>s<\/h4>\n\n\n\n<p><\/p>\n\n\n\n<div class=\"wp-block-media-text alignwide is-stacked-on-mobile\" style=\"grid-template-columns:17% auto\"><figure class=\"wp-block-media-text__media\"><img loading=\"lazy\" decoding=\"async\" width=\"193\" height=\"100\" src=\"http:\/\/www.anthea.net.tr\/wp-content\/uploads\/2023\/05\/Fuarista_Logo_Color.png\" alt=\"\" class=\"wp-image-1860 size-full\"\/><\/figure><div class=\"wp-block-media-text__content\">\n<p class=\"has-large-font-size\"><\/p>\n\n\n\n<p> Since May 2019, it has been providing trainings and consultancy services to fair exhibitors to increase the efficiency of the fair they attend and to fair organizers to increase the efficiency of the fair they organize.  <\/p>\n<\/div><\/div>\n\n\n\n<div style=\"height:50px\" aria-hidden=\"true\" class=\"wp-block-spacer\"><\/div>\n\n\n\n<h4 class=\"wp-block-heading has-text-align-center\"><\/h4>\n","protected":false},"excerpt":{"rendered":"<p>Since 2010&#8230; Anthea Tourism Organization Advertising Publishing Trade Ltd. \u015eti. was founded in 2010 by Mehmet D\u00dcKKANCI and Partners in order to carry out the advertising and marketing works of Agoras Fair Services Ltd. \u015eti. in Antalya. Agoras Fair Solution Partner Between 2010 and 2016, Anthea teams prepared the corporate identity of Florplant Ornamental Plants [&hellip;]<\/p>\n","protected":false},"author":1,"featured_media":0,"parent":0,"menu_order":0,"comment_status":"closed","ping_status":"closed","template":"","meta":{"footnotes":""},"class_list":["post-2767","page","type-page","status-publish","hentry"],"yoast_head":"<!-- This site is optimized with the Yoast SEO plugin v27.4 - https:\/\/yoast.com\/product\/yoast-seo-wordpress\/ -->\n<title>About Us - Anthea Fuarc\u0131l\u0131k Sekt\u00f6r\u00fc E\u011fitim, Dan\u0131\u015fmanl\u0131k ve Etkinlik Hizmetleri<\/title>\n<meta name=\"robots\" content=\"index, follow, max-snippet:-1, max-image-preview:large, max-video-preview:-1\" \/>\n<link rel=\"canonical\" href=\"https:\/\/www.anthea.com.tr\/en\/about-us-3\/\" \/>\n<meta property=\"og:locale\" content=\"en_US\" \/>\n<meta property=\"og:type\" content=\"article\" \/>\n<meta property=\"og:title\" content=\"About Us - Anthea Fuarc\u0131l\u0131k Sekt\u00f6r\u00fc E\u011fitim, Dan\u0131\u015fmanl\u0131k ve Etkinlik Hizmetleri\" \/>\n<meta property=\"og:description\" content=\"Since 2010&#8230; Anthea Tourism Organization Advertising Publishing Trade Ltd. \u015eti. was founded in 2010 by Mehmet D\u00dcKKANCI and Partners in order to carry out the advertising and marketing works of Agoras Fair Services Ltd. \u015eti. in Antalya. Agoras Fair Solution Partner Between 2010 and 2016, Anthea teams prepared the corporate identity of Florplant Ornamental Plants [&hellip;]\" \/>\n<meta property=\"og:url\" content=\"https:\/\/www.anthea.com.tr\/en\/about-us-3\/\" \/>\n<meta property=\"og:site_name\" content=\"Anthea Fuarc\u0131l\u0131k Sekt\u00f6r\u00fc E\u011fitim, Dan\u0131\u015fmanl\u0131k ve Etkinlik Hizmetleri\" \/>\n<meta property=\"article:publisher\" content=\"https:\/\/www.facebook.com\/Anthea.Antalya\" \/>\n<meta property=\"article:modified_time\" content=\"2024-02-24T06:35:10+00:00\" \/>\n<meta property=\"og:image\" content=\"http:\/\/www.anthea.net.tr\/wp-content\/uploads\/2023\/05\/ANTHEA.jpg\" \/>\n<meta name=\"twitter:card\" content=\"summary_large_image\" \/>\n<meta name=\"twitter:site\" content=\"@AntheaAntalya\" \/>\n<meta name=\"twitter:label1\" content=\"Est. reading time\" \/>\n\t<meta name=\"twitter:data1\" content=\"5 minutes\" \/>\n<script type=\"application\/ld+json\" class=\"yoast-schema-graph\">{\"@context\":\"https:\\\/\\\/schema.org\",\"@graph\":[{\"@type\":\"WebPage\",\"@id\":\"https:\\\/\\\/www.anthea.com.tr\\\/en\\\/about-us-3\\\/\",\"url\":\"https:\\\/\\\/www.anthea.com.tr\\\/en\\\/about-us-3\\\/\",\"name\":\"About Us - Anthea Fuarc\u0131l\u0131k Sekt\u00f6r\u00fc E\u011fitim, Dan\u0131\u015fmanl\u0131k ve Etkinlik Hizmetleri\",\"isPartOf\":{\"@id\":\"https:\\\/\\\/www.anthea.com.tr\\\/en\\\/#website\"},\"primaryImageOfPage\":{\"@id\":\"https:\\\/\\\/www.anthea.com.tr\\\/en\\\/about-us-3\\\/#primaryimage\"},\"image\":{\"@id\":\"https:\\\/\\\/www.anthea.com.tr\\\/en\\\/about-us-3\\\/#primaryimage\"},\"thumbnailUrl\":\"http:\\\/\\\/www.anthea.net.tr\\\/wp-content\\\/uploads\\\/2023\\\/05\\\/ANTHEA.jpg\",\"datePublished\":\"2023-05-03T19:52:44+00:00\",\"dateModified\":\"2024-02-24T06:35:10+00:00\",\"breadcrumb\":{\"@id\":\"https:\\\/\\\/www.anthea.com.tr\\\/en\\\/about-us-3\\\/#breadcrumb\"},\"inLanguage\":\"en-US\",\"potentialAction\":[{\"@type\":\"ReadAction\",\"target\":[\"https:\\\/\\\/www.anthea.com.tr\\\/en\\\/about-us-3\\\/\"]}]},{\"@type\":\"ImageObject\",\"inLanguage\":\"en-US\",\"@id\":\"https:\\\/\\\/www.anthea.com.tr\\\/en\\\/about-us-3\\\/#primaryimage\",\"url\":\"http:\\\/\\\/www.anthea.net.tr\\\/wp-content\\\/uploads\\\/2023\\\/05\\\/ANTHEA.jpg\",\"contentUrl\":\"http:\\\/\\\/www.anthea.net.tr\\\/wp-content\\\/uploads\\\/2023\\\/05\\\/ANTHEA.jpg\"},{\"@type\":\"BreadcrumbList\",\"@id\":\"https:\\\/\\\/www.anthea.com.tr\\\/en\\\/about-us-3\\\/#breadcrumb\",\"itemListElement\":[{\"@type\":\"ListItem\",\"position\":1,\"name\":\"Home\",\"item\":\"https:\\\/\\\/www.anthea.com.tr\\\/en\\\/homepage\\\/\"},{\"@type\":\"ListItem\",\"position\":2,\"name\":\"About Us\"}]},{\"@type\":\"WebSite\",\"@id\":\"https:\\\/\\\/www.anthea.com.tr\\\/en\\\/#website\",\"url\":\"https:\\\/\\\/www.anthea.com.tr\\\/en\\\/\",\"name\":\"Anthea Fuarc\u0131l\u0131k Sekt\u00f6r\u00fc E\u011fitim, Dan\u0131\u015fmanl\u0131k ve Etkinlik Hizmetleri\",\"description\":\"Fuarc\u0131l\u0131k Sekt\u00f6r\u00fc E\u011fitim, Dan\u0131\u015fmanl\u0131k ve Etkinlik Hizmetleri\",\"publisher\":{\"@id\":\"https:\\\/\\\/www.anthea.com.tr\\\/en\\\/#organization\"},\"potentialAction\":[{\"@type\":\"SearchAction\",\"target\":{\"@type\":\"EntryPoint\",\"urlTemplate\":\"https:\\\/\\\/www.anthea.com.tr\\\/en\\\/?s={search_term_string}\"},\"query-input\":{\"@type\":\"PropertyValueSpecification\",\"valueRequired\":true,\"valueName\":\"search_term_string\"}}],\"inLanguage\":\"en-US\"},{\"@type\":\"Organization\",\"@id\":\"https:\\\/\\\/www.anthea.com.tr\\\/en\\\/#organization\",\"name\":\"Anthea Fuarc\u0131l\u0131k Sekt\u00f6r\u00fc E\u011fitim, Dan\u0131\u015fmanl\u0131k ve Etkinlik Hizmetleri\",\"url\":\"https:\\\/\\\/www.anthea.com.tr\\\/en\\\/\",\"logo\":{\"@type\":\"ImageObject\",\"inLanguage\":\"en-US\",\"@id\":\"https:\\\/\\\/www.anthea.com.tr\\\/en\\\/#\\\/schema\\\/logo\\\/image\\\/\",\"url\":\"https:\\\/\\\/www.anthea.com.tr\\\/wp-content\\\/uploads\\\/2023\\\/12\\\/ANTHEA-1600x900-w.png\",\"contentUrl\":\"https:\\\/\\\/www.anthea.com.tr\\\/wp-content\\\/uploads\\\/2023\\\/12\\\/ANTHEA-1600x900-w.png\",\"width\":1600,\"height\":900,\"caption\":\"Anthea Fuarc\u0131l\u0131k Sekt\u00f6r\u00fc E\u011fitim, Dan\u0131\u015fmanl\u0131k ve Etkinlik Hizmetleri\"},\"image\":{\"@id\":\"https:\\\/\\\/www.anthea.com.tr\\\/en\\\/#\\\/schema\\\/logo\\\/image\\\/\"},\"sameAs\":[\"https:\\\/\\\/www.facebook.com\\\/Anthea.Antalya\",\"https:\\\/\\\/x.com\\\/AntheaAntalya\",\"https:\\\/\\\/www.linkedin.com\\\/company\\\/anthea-ltd\\\/\",\"https:\\\/\\\/www.instagram.com\\\/anthea.ltd\\\/\",\"https:\\\/\\\/www.youtube.com\\\/@antheaorganizasyon5192\"]}]}<\/script>\n<!-- \/ Yoast SEO plugin. -->","yoast_head_json":{"title":"About Us - Anthea Fuarc\u0131l\u0131k Sekt\u00f6r\u00fc E\u011fitim, Dan\u0131\u015fmanl\u0131k ve Etkinlik Hizmetleri","robots":{"index":"index","follow":"follow","max-snippet":"max-snippet:-1","max-image-preview":"max-image-preview:large","max-video-preview":"max-video-preview:-1"},"canonical":"https:\/\/www.anthea.com.tr\/en\/about-us-3\/","og_locale":"en_US","og_type":"article","og_title":"About Us - Anthea Fuarc\u0131l\u0131k Sekt\u00f6r\u00fc E\u011fitim, Dan\u0131\u015fmanl\u0131k ve Etkinlik Hizmetleri","og_description":"Since 2010&#8230; Anthea Tourism Organization Advertising Publishing Trade Ltd. \u015eti. was founded in 2010 by Mehmet D\u00dcKKANCI and Partners in order to carry out the advertising and marketing works of Agoras Fair Services Ltd. \u015eti. in Antalya. Agoras Fair Solution Partner Between 2010 and 2016, Anthea teams prepared the corporate identity of Florplant Ornamental Plants [&hellip;]","og_url":"https:\/\/www.anthea.com.tr\/en\/about-us-3\/","og_site_name":"Anthea Fuarc\u0131l\u0131k Sekt\u00f6r\u00fc E\u011fitim, Dan\u0131\u015fmanl\u0131k ve Etkinlik Hizmetleri","article_publisher":"https:\/\/www.facebook.com\/Anthea.Antalya","article_modified_time":"2024-02-24T06:35:10+00:00","og_image":[{"url":"http:\/\/www.anthea.net.tr\/wp-content\/uploads\/2023\/05\/ANTHEA.jpg","type":"","width":"","height":""}],"twitter_card":"summary_large_image","twitter_site":"@AntheaAntalya","twitter_misc":{"Est. reading time":"5 minutes"},"schema":{"@context":"https:\/\/schema.org","@graph":[{"@type":"WebPage","@id":"https:\/\/www.anthea.com.tr\/en\/about-us-3\/","url":"https:\/\/www.anthea.com.tr\/en\/about-us-3\/","name":"About Us - Anthea Fuarc\u0131l\u0131k Sekt\u00f6r\u00fc E\u011fitim, Dan\u0131\u015fmanl\u0131k ve Etkinlik Hizmetleri","isPartOf":{"@id":"https:\/\/www.anthea.com.tr\/en\/#website"},"primaryImageOfPage":{"@id":"https:\/\/www.anthea.com.tr\/en\/about-us-3\/#primaryimage"},"image":{"@id":"https:\/\/www.anthea.com.tr\/en\/about-us-3\/#primaryimage"},"thumbnailUrl":"http:\/\/www.anthea.net.tr\/wp-content\/uploads\/2023\/05\/ANTHEA.jpg","datePublished":"2023-05-03T19:52:44+00:00","dateModified":"2024-02-24T06:35:10+00:00","breadcrumb":{"@id":"https:\/\/www.anthea.com.tr\/en\/about-us-3\/#breadcrumb"},"inLanguage":"en-US","potentialAction":[{"@type":"ReadAction","target":["https:\/\/www.anthea.com.tr\/en\/about-us-3\/"]}]},{"@type":"ImageObject","inLanguage":"en-US","@id":"https:\/\/www.anthea.com.tr\/en\/about-us-3\/#primaryimage","url":"http:\/\/www.anthea.net.tr\/wp-content\/uploads\/2023\/05\/ANTHEA.jpg","contentUrl":"http:\/\/www.anthea.net.tr\/wp-content\/uploads\/2023\/05\/ANTHEA.jpg"},{"@type":"BreadcrumbList","@id":"https:\/\/www.anthea.com.tr\/en\/about-us-3\/#breadcrumb","itemListElement":[{"@type":"ListItem","position":1,"name":"Home","item":"https:\/\/www.anthea.com.tr\/en\/homepage\/"},{"@type":"ListItem","position":2,"name":"About Us"}]},{"@type":"WebSite","@id":"https:\/\/www.anthea.com.tr\/en\/#website","url":"https:\/\/www.anthea.com.tr\/en\/","name":"Anthea Fuarc\u0131l\u0131k Sekt\u00f6r\u00fc E\u011fitim, Dan\u0131\u015fmanl\u0131k ve Etkinlik Hizmetleri","description":"Fuarc\u0131l\u0131k Sekt\u00f6r\u00fc E\u011fitim, Dan\u0131\u015fmanl\u0131k ve Etkinlik Hizmetleri","publisher":{"@id":"https:\/\/www.anthea.com.tr\/en\/#organization"},"potentialAction":[{"@type":"SearchAction","target":{"@type":"EntryPoint","urlTemplate":"https:\/\/www.anthea.com.tr\/en\/?s={search_term_string}"},"query-input":{"@type":"PropertyValueSpecification","valueRequired":true,"valueName":"search_term_string"}}],"inLanguage":"en-US"},{"@type":"Organization","@id":"https:\/\/www.anthea.com.tr\/en\/#organization","name":"Anthea Fuarc\u0131l\u0131k Sekt\u00f6r\u00fc E\u011fitim, Dan\u0131\u015fmanl\u0131k ve Etkinlik Hizmetleri","url":"https:\/\/www.anthea.com.tr\/en\/","logo":{"@type":"ImageObject","inLanguage":"en-US","@id":"https:\/\/www.anthea.com.tr\/en\/#\/schema\/logo\/image\/","url":"https:\/\/www.anthea.com.tr\/wp-content\/uploads\/2023\/12\/ANTHEA-1600x900-w.png","contentUrl":"https:\/\/www.anthea.com.tr\/wp-content\/uploads\/2023\/12\/ANTHEA-1600x900-w.png","width":1600,"height":900,"caption":"Anthea Fuarc\u0131l\u0131k Sekt\u00f6r\u00fc E\u011fitim, Dan\u0131\u015fmanl\u0131k ve Etkinlik Hizmetleri"},"image":{"@id":"https:\/\/www.anthea.com.tr\/en\/#\/schema\/logo\/image\/"},"sameAs":["https:\/\/www.facebook.com\/Anthea.Antalya","https:\/\/x.com\/AntheaAntalya","https:\/\/www.linkedin.com\/company\/anthea-ltd\/","https:\/\/www.instagram.com\/anthea.ltd\/","https:\/\/www.youtube.com\/@antheaorganizasyon5192"]}]}},"_links":{"self":[{"href":"https:\/\/www.anthea.com.tr\/en\/wp-json\/wp\/v2\/pages\/2767","targetHints":{"allow":["GET"]}}],"collection":[{"href":"https:\/\/www.anthea.com.tr\/en\/wp-json\/wp\/v2\/pages"}],"about":[{"href":"https:\/\/www.anthea.com.tr\/en\/wp-json\/wp\/v2\/types\/page"}],"author":[{"embeddable":true,"href":"https:\/\/www.anthea.com.tr\/en\/wp-json\/wp\/v2\/users\/1"}],"replies":[{"embeddable":true,"href":"https:\/\/www.anthea.com.tr\/en\/wp-json\/wp\/v2\/comments?post=2767"}],"version-history":[{"count":4,"href":"https:\/\/www.anthea.com.tr\/en\/wp-json\/wp\/v2\/pages\/2767\/revisions"}],"predecessor-version":[{"id":3607,"href":"https:\/\/www.anthea.com.tr\/en\/wp-json\/wp\/v2\/pages\/2767\/revisions\/3607"}],"wp:attachment":[{"href":"https:\/\/www.anthea.com.tr\/en\/wp-json\/wp\/v2\/media?parent=2767"}],"curies":[{"name":"wp","href":"https:\/\/api.w.org\/{rel}","templated":true}]}}