{"id":2709,"date":"2014-07-17T13:16:17","date_gmt":"2014-07-17T13:16:17","guid":{"rendered":"http:\/\/www.anthea.net.tr\/homepage\/"},"modified":"2024-02-21T05:14:30","modified_gmt":"2024-02-21T05:14:30","slug":"homepage","status":"publish","type":"page","link":"https:\/\/www.anthea.com.tr\/en\/","title":{"rendered":"Homepage"},"content":{"rendered":"<section class=\"wpb-content-wrapper\"><p>[vc_row][vc_column width=&#8221;1\/4&#8243;][media image=&#8221;1862&#8243;][\/vc_column][vc_column width=&#8221;3\/4&#8243;][vc_custom_heading text=&#8221;Fuarista Exhibition Industry Trainings&#8221; font_container=&#8221;tag:h2|text_align:left|color:%23414099&#8243; link=&#8221;url:https%3A%2F%2Fwww.fuarista.com%2F|target:_blank|&#8221;][vc_column_text]Fuarista is the registered trademark of our company for the trainings and consultancy services we provide for the exhibition industry, mainly in Turkey. Exhibitions Organizers Vocational Training programs are designed for the staff of the companies that are organizing exhibitions and Exhibitors&#8217; Training Programs are designed for companies participating in exhibitin in Turkey or Worldwide.<\/p>\n<p>More information can be found in Turkish on our brand website <a href=\"https:\/\/www.fuarista.com\" target=\"_blank\" rel=\"noopener\">www.fuarista.com<\/a>[\/vc_column_text][\/vc_column][\/vc_row][vc_row][vc_column width=&#8221;1\/4&#8243;][services_media title=&#8221;Trainings for Exhibitors&#8221; photo=&#8221;2187&#8243;]<a href=\"https:\/\/www.fuarista.net\/public\/portal?guest=true\" target=\"_blank\" rel=\"noopener\">Preparing to Exhibit Video Tutorials<\/a><\/p>\n<p><a href=\"https:\/\/www.fuarista.com\/egitimler\/fuarda-musteri-bulma-egitimi\/\" target=\"_blank\" rel=\"noopener\">Exhibiting Efficiently\u00a0<\/a><\/p>\n<p><a href=\"https:\/\/www.fuarista.com\/egitimler\/fuarda-musteri-bulma-egitimi\/\" target=\"_blank\" rel=\"noopener\">Finding Customers form Exhibitions<\/a>[\/services_media][\/vc_column][vc_column width=&#8221;1\/4&#8243;][services_media title=&#8221;Trainings for Exhibition Organizers&#8221; photo=&#8221;2273&#8243;]<a href=\"https:\/\/www.fuarista.com\/egitimler\/fuarcilik-mesleki-egitim-programlari\/fuar-yoneticiligi-egitim-programi\/\" target=\"_blank\" rel=\"noopener\">Exhibition Strategic Management\u00a0<\/a><\/p>\n<p><a href=\"https:\/\/www.fuarista.com\/egitimler\/fuarcilik-mesleki-egitim-programlari\/fuar-satis-yoneticiligi-egitim-programi\/\" target=\"_blank\" rel=\"noopener\">Exhibition Sales Management<\/a><\/p>\n<p><a href=\"https:\/\/www.fuarista.com\/egitimler\/fuarcilik-mesleki-egitim-programlari\/fuar-pazarlama-yoneticiligi-egitim-programi\/\" target=\"_blank\" rel=\"noopener\">Exhibition Marketing Management<\/a><\/p>\n<p><a href=\"https:\/\/www.fuarista.com\/egitimler\/fuarcilik-mesleki-egitim-programlari\/fuar-operasyon-yoneticiligi-egitim-programi\/\" target=\"_blank\" rel=\"noopener\">Exhibition Operation Management<\/a>[\/services_media][\/vc_column][vc_column width=&#8221;1\/4&#8243;][services_media title=&#8221;Trainings for Exhibition Visitors&#8221; photo=&#8221;2184&#8243;]<a href=\"https:\/\/www.fuarista.com\/egitimler\/fuar-ziyaretinden-musteri-bulma-egitimi\/\" target=\"_blank\" rel=\"noopener\">Finding Customers From Exhibition Visits<\/a>[\/services_media][\/vc_column][vc_column width=&#8221;1\/4&#8243;][services_media title=&#8221;Trainings for Bilateral Meetings Participants&#8221; photo=&#8221;2168&#8243;]<a href=\"https:\/\/www.fuarista.com\/egitimler\/ikili-gorusme-programlarindan-musteri-bulma-egitimi\/\" target=\"_blank\" rel=\"noopener\">Finding Customers from Bilateral Meeting Programs<\/a>[\/services_media][\/vc_column][\/vc_row][vc_row bg_color=&#8221;rgba(0,154,147,0.03)&#8221;][vc_column][vc_row_inner css=&#8221;.vc_custom_1683230351735{margin-top: 50px !important;margin-bottom: 100px !important;}&#8221;][vc_column_inner width=&#8221;1\/4&#8243;][media image=&#8221;1971&#8243;][\/vc_column_inner][vc_column_inner width=&#8221;3\/4&#8243;][vc_custom_heading text=&#8221;Event Services&#8221; font_container=&#8221;tag:h2|text_align:left|color:%23f39200&#8243;][vc_column_text]We are happy to serve as your solution partner in physical, virtual and hybrid event organizations such as seminars, webinars, meetings, festivals specific to the needs of companies and institutions.[\/vc_column_text][\/vc_column_inner][\/vc_row_inner][vc_row_inner css=&#8221;.vc_custom_1683230368374{margin-top: 100px !important;margin-bottom: 50px !important;}&#8221;][vc_column_inner width=&#8221;1\/4&#8243;][services_medium title=&#8221;Webinar Organization&#8221; icon=&#8221;steadysets-icon-screen&#8221; icon_color=&#8221;#009a93&#8243; circle_color=&#8221;#f5f5f5&#8243; border_color=&#8221;#009a93&#8243; dynamic_content_link=&#8221;https:\/\/www.anthea.com.tr\/en\/webinar-organization\/&#8221;]Webinar Organization from A to Z with the participation of guest speakers with or without the participation of the audience[\/services_medium][\/vc_column_inner][vc_column_inner width=&#8221;1\/4&#8243;][services_medium title=&#8221;Hybrid &amp; Virtual Events&#8221; icon=&#8221;moon-users-4&#8243; icon_color=&#8221;#009a93&#8243; circle_color=&#8221;#f5f5f5&#8243; border_color=&#8221;#009a93&#8243; dynamic_content_link=&#8221;https:\/\/www.anthea.com.tr\/en\/hybrid-and-virtual-event-organization\/&#8221;]Strategic Planning, Platform Selection, Fiction, Budget, Promotion, Invitation, Training, Operation, Organization[\/services_medium][\/vc_column_inner][vc_column_inner width=&#8221;1\/4&#8243;][services_medium title=&#8221;Event Organization&#8221; icon=&#8221;steadysets-icon-calendar&#8221; icon_color=&#8221;#009a93&#8243; circle_color=&#8221;#f5f5f5&#8243; border_color=&#8221;#009a93&#8243;]Event planning, development, organization and consultancy services[\/services_medium][\/vc_column_inner][vc_column_inner width=&#8221;1\/4&#8243;][services_medium title=&#8221;Festival Organization&#8221; icon=&#8221;moon-music-2&#8243; icon_color=&#8221;#009a93&#8243; circle_color=&#8221;#f5f5f5&#8243; border_color=&#8221;#009a93&#8243;]Strategic Planning, Organization, Stakeholder Management, Content Development, Promotion, Organization Services[\/services_medium][\/vc_column_inner][\/vc_row_inner][\/vc_column][\/vc_row][vc_row type=&#8221;full_width_background&#8221; bg_image=&#8221;2028&#8243; bg_position=&#8221;center top&#8221; parallax_bg=&#8221;true&#8221; bg_color=&#8221;rgba(0,153,102,0.53)&#8221; overlay=&#8221;true&#8221; top_padding=&#8221;100&#8243; bottom_padding=&#8221;100&#8243;][vc_column][vc_row_inner][vc_column_inner width=&#8221;1\/4&#8243;][counter text=&#8221;Years of Experience&#8221; icon=&#8221;steadysets-icon-calendar&#8221; number=&#8221;22&#8243;][\/vc_column_inner][vc_column_inner width=&#8221;1\/4&#8243;][counter text=&#8221;Sector&#8221; icon=&#8221;moon-cog&#8221; number=&#8221;21&#8243;][\/vc_column_inner][vc_column_inner width=&#8221;1\/4&#8243;][counter text=&#8221;Event&#8221; icon=&#8221;steadysets-icon-microphone&#8221; number=&#8221;100+&#8221;][\/vc_column_inner][vc_column_inner width=&#8221;1\/4&#8243;][counter text=&#8221;Festival&#8221; icon=&#8221;steadysets-icon-star&#8221; number=&#8221;5&#8243;][\/vc_column_inner][\/vc_row_inner][\/vc_column][\/vc_row][vc_row][vc_column width=&#8221;1\/2&#8243;][media image=&#8221;1930&#8243;][\/vc_column][vc_column width=&#8221;1\/2&#8243;][vc_custom_heading text=&#8221;How Can We Help You?&#8221; font_container=&#8221;tag:h2|text_align:left|color:%23009a93&#8243;][vc_column_text]Hello,<\/p>\n<p>We have provided consultancy and support services to the exhibition industry since our\u00a0 establishment in Antalya in 2010. So far we have organized congresses, conferences, festivals and events.<\/p>\n<p>Since 2020, we have been supporting exhibition organizers, exhibitors, exhibition visitors, bilateral meetings delegations and congress sponsors in finding customers by providing them trainings, with our brand Fuarista.<\/p>\n<p>We support event owners with our experiences in establishing the infrastructure and management of video conferences, webinars, virtual and hybrid meetings. Or we can organize them on behalf of you!<\/p>\n<p>How can we help you today?[\/vc_column_text][\/vc_column][\/vc_row][vc_row bg_color=&#8221;#009a93&#8243; top_padding=&#8221;30&#8243;][vc_column width=&#8221;2\/3&#8243;][vc_custom_heading text=&#8221;How Can We Help You?&#8221; font_container=&#8221;tag:h2|text_align:left|color:%23ffffff&#8221;][\/vc_column][vc_column width=&#8221;1\/3&#8243;][vc_btn title=&#8221;Contact Us&#8221; color=&#8221;warning&#8221; link=&#8221;url:https%3A%2F%2Fwww.anthea.com.tr%2Fen%2Fcontact-us-3%2F|target:_blank&#8221;][\/vc_column][\/vc_row][vc_row][vc_column][vc_custom_heading text=&#8221;NEWS&#8221; font_container=&#8221;tag:h1|text_align:center|color:%23f39200&#8243; css_animation=&#8221;fadeInDown&#8221;][vc_basic_grid post_type=&#8221;post&#8221; max_items=&#8221;12&#8243; style=&#8221;pagination&#8221; items_per_page=&#8221;3&#8243; item=&#8221;2333&#8243; grid_id=&#8221;vc_gid:1708492421791-a7627f52-d8a2-9&#8243; taxonomies=&#8221;40&#8243;][\/vc_column][\/vc_row]<\/p>\n<\/section>","protected":false},"excerpt":{"rendered":"<p>[vc_row][vc_column width=&#8221;1\/4&#8243;][media image=&#8221;1862&#8243;][\/vc_column][vc_column width=&#8221;3\/4&#8243;][vc_custom_heading text=&#8221;Fuarista Exhibition Industry Trainings&#8221; font_container=&#8221;tag:h2|text_align:left|color:%23414099&#8243; link=&#8221;url:https%3A%2F%2Fwww.fuarista.com%2F|target:_blank|&#8221;][vc_column_text]Fuarista is the registered trademark of our company for the trainings and consultancy services we provide for the exhibition industry, mainly in Turkey. Exhibitions Organizers Vocational Training programs are designed for the staff of the companies that are organizing exhibitions and Exhibitors&#8217; Training Programs are designed [&hellip;]<\/p>\n","protected":false},"author":1,"featured_media":2920,"parent":0,"menu_order":38,"comment_status":"open","ping_status":"open","template":"","meta":{"footnotes":""},"class_list":["post-2709","page","type-page","status-publish","has-post-thumbnail","hentry"],"yoast_head":"<!-- This site is optimized with the Yoast SEO plugin v27.4 - https:\/\/yoast.com\/product\/yoast-seo-wordpress\/ -->\n<title>Anthea Exhibition Industry Trainings Consultancy &amp; Events | 2024<\/title>\n<meta name=\"description\" content=\"Anthea Exhibition Industry Training Consultancy and Event Services Services | 2010- 2024 | Fuarista Exhibition Industry Training, Consultancy\" \/>\n<meta name=\"robots\" content=\"index, follow, max-snippet:-1, max-image-preview:large, max-video-preview:-1\" \/>\n<link rel=\"canonical\" href=\"https:\/\/www.anthea.com.tr\/en\/\" \/>\n<meta property=\"og:locale\" content=\"en_US\" \/>\n<meta property=\"og:type\" content=\"article\" \/>\n<meta property=\"og:title\" content=\"Anthea Exhibition Industry Trainings Consultancy &amp; Events | 2024\" \/>\n<meta property=\"og:description\" content=\"Anthea Exhibition Industry Training Consultancy and Event Services Services | 2010- 2024 | Fuarista Exhibition Industry Training, Consultancy\" \/>\n<meta property=\"og:url\" content=\"https:\/\/www.anthea.com.tr\/en\/\" \/>\n<meta property=\"og:site_name\" content=\"Anthea Fuarc\u0131l\u0131k Sekt\u00f6r\u00fc E\u011fitim, Dan\u0131\u015fmanl\u0131k ve Etkinlik Hizmetleri\" \/>\n<meta property=\"article:publisher\" content=\"https:\/\/www.facebook.com\/Anthea.Antalya\" \/>\n<meta property=\"article:modified_time\" content=\"2024-02-21T05:14:30+00:00\" \/>\n<meta property=\"og:image\" content=\"https:\/\/www.anthea.com.tr\/wp-content\/uploads\/2023\/12\/ANTHEA-1600x900-w.png\" \/>\n\t<meta property=\"og:image:width\" content=\"1600\" \/>\n\t<meta property=\"og:image:height\" content=\"900\" \/>\n\t<meta property=\"og:image:type\" content=\"image\/png\" \/>\n<meta name=\"twitter:card\" content=\"summary_large_image\" \/>\n<meta name=\"twitter:site\" content=\"@AntheaAntalya\" \/>\n<meta name=\"twitter:label1\" content=\"Est. reading time\" \/>\n\t<meta name=\"twitter:data1\" content=\"3 minutes\" \/>\n<script type=\"application\/ld+json\" class=\"yoast-schema-graph\">{\"@context\":\"https:\\\/\\\/schema.org\",\"@graph\":[{\"@type\":\"WebPage\",\"@id\":\"https:\\\/\\\/www.anthea.com.tr\\\/en\\\/\",\"url\":\"https:\\\/\\\/www.anthea.com.tr\\\/en\\\/\",\"name\":\"Anthea Exhibition Industry Trainings Consultancy & Events | 2024\",\"isPartOf\":{\"@id\":\"https:\\\/\\\/www.anthea.com.tr\\\/en\\\/#website\"},\"primaryImageOfPage\":{\"@id\":\"https:\\\/\\\/www.anthea.com.tr\\\/en\\\/#primaryimage\"},\"image\":{\"@id\":\"https:\\\/\\\/www.anthea.com.tr\\\/en\\\/#primaryimage\"},\"thumbnailUrl\":\"https:\\\/\\\/www.anthea.com.tr\\\/wp-content\\\/uploads\\\/2023\\\/12\\\/ANTHEA-1600x900-w.png\",\"datePublished\":\"2014-07-17T13:16:17+00:00\",\"dateModified\":\"2024-02-21T05:14:30+00:00\",\"description\":\"Anthea Exhibition Industry Training Consultancy and Event Services Services | 2010- 2024 | Fuarista Exhibition Industry Training, Consultancy\",\"breadcrumb\":{\"@id\":\"https:\\\/\\\/www.anthea.com.tr\\\/en\\\/#breadcrumb\"},\"inLanguage\":\"en-US\",\"potentialAction\":[{\"@type\":\"ReadAction\",\"target\":[\"https:\\\/\\\/www.anthea.com.tr\\\/en\\\/\"]}]},{\"@type\":\"ImageObject\",\"inLanguage\":\"en-US\",\"@id\":\"https:\\\/\\\/www.anthea.com.tr\\\/en\\\/#primaryimage\",\"url\":\"https:\\\/\\\/www.anthea.com.tr\\\/wp-content\\\/uploads\\\/2023\\\/12\\\/ANTHEA-1600x900-w.png\",\"contentUrl\":\"https:\\\/\\\/www.anthea.com.tr\\\/wp-content\\\/uploads\\\/2023\\\/12\\\/ANTHEA-1600x900-w.png\",\"width\":1600,\"height\":900,\"caption\":\"Anthea Fuarc\u0131l\u0131k Sekt\u00f6r\u00fc E\u011fitim, Dan\u0131\u015fmanl\u0131k ve Etkinlik Hizmetleri\"},{\"@type\":\"BreadcrumbList\",\"@id\":\"https:\\\/\\\/www.anthea.com.tr\\\/en\\\/#breadcrumb\",\"itemListElement\":[{\"@type\":\"ListItem\",\"position\":1,\"name\":\"Home\",\"item\":\"https:\\\/\\\/www.anthea.com.tr\\\/en\\\/homepage\\\/\"},{\"@type\":\"ListItem\",\"position\":2,\"name\":\"Homepage\"}]},{\"@type\":\"WebSite\",\"@id\":\"https:\\\/\\\/www.anthea.com.tr\\\/en\\\/#website\",\"url\":\"https:\\\/\\\/www.anthea.com.tr\\\/en\\\/\",\"name\":\"Anthea Fuarc\u0131l\u0131k Sekt\u00f6r\u00fc E\u011fitim, Dan\u0131\u015fmanl\u0131k ve Etkinlik Hizmetleri\",\"description\":\"Fuarc\u0131l\u0131k Sekt\u00f6r\u00fc E\u011fitim, Dan\u0131\u015fmanl\u0131k ve Etkinlik Hizmetleri\",\"publisher\":{\"@id\":\"https:\\\/\\\/www.anthea.com.tr\\\/en\\\/#organization\"},\"potentialAction\":[{\"@type\":\"SearchAction\",\"target\":{\"@type\":\"EntryPoint\",\"urlTemplate\":\"https:\\\/\\\/www.anthea.com.tr\\\/en\\\/?s={search_term_string}\"},\"query-input\":{\"@type\":\"PropertyValueSpecification\",\"valueRequired\":true,\"valueName\":\"search_term_string\"}}],\"inLanguage\":\"en-US\"},{\"@type\":\"Organization\",\"@id\":\"https:\\\/\\\/www.anthea.com.tr\\\/en\\\/#organization\",\"name\":\"Anthea Fuarc\u0131l\u0131k Sekt\u00f6r\u00fc E\u011fitim, Dan\u0131\u015fmanl\u0131k ve Etkinlik Hizmetleri\",\"url\":\"https:\\\/\\\/www.anthea.com.tr\\\/en\\\/\",\"logo\":{\"@type\":\"ImageObject\",\"inLanguage\":\"en-US\",\"@id\":\"https:\\\/\\\/www.anthea.com.tr\\\/en\\\/#\\\/schema\\\/logo\\\/image\\\/\",\"url\":\"https:\\\/\\\/www.anthea.com.tr\\\/wp-content\\\/uploads\\\/2023\\\/12\\\/ANTHEA-1600x900-w.png\",\"contentUrl\":\"https:\\\/\\\/www.anthea.com.tr\\\/wp-content\\\/uploads\\\/2023\\\/12\\\/ANTHEA-1600x900-w.png\",\"width\":1600,\"height\":900,\"caption\":\"Anthea Fuarc\u0131l\u0131k Sekt\u00f6r\u00fc E\u011fitim, Dan\u0131\u015fmanl\u0131k ve Etkinlik Hizmetleri\"},\"image\":{\"@id\":\"https:\\\/\\\/www.anthea.com.tr\\\/en\\\/#\\\/schema\\\/logo\\\/image\\\/\"},\"sameAs\":[\"https:\\\/\\\/www.facebook.com\\\/Anthea.Antalya\",\"https:\\\/\\\/x.com\\\/AntheaAntalya\",\"https:\\\/\\\/www.linkedin.com\\\/company\\\/anthea-ltd\\\/\",\"https:\\\/\\\/www.instagram.com\\\/anthea.ltd\\\/\",\"https:\\\/\\\/www.youtube.com\\\/@antheaorganizasyon5192\"]}]}<\/script>\n<!-- \/ Yoast SEO plugin. -->","yoast_head_json":{"title":"Anthea Exhibition Industry Trainings Consultancy & Events | 2024","description":"Anthea Exhibition Industry Training Consultancy and Event Services Services | 2010- 2024 | Fuarista Exhibition Industry Training, Consultancy","robots":{"index":"index","follow":"follow","max-snippet":"max-snippet:-1","max-image-preview":"max-image-preview:large","max-video-preview":"max-video-preview:-1"},"canonical":"https:\/\/www.anthea.com.tr\/en\/","og_locale":"en_US","og_type":"article","og_title":"Anthea Exhibition Industry Trainings Consultancy & Events | 2024","og_description":"Anthea Exhibition Industry Training Consultancy and Event Services Services | 2010- 2024 | Fuarista Exhibition Industry Training, Consultancy","og_url":"https:\/\/www.anthea.com.tr\/en\/","og_site_name":"Anthea Fuarc\u0131l\u0131k Sekt\u00f6r\u00fc E\u011fitim, Dan\u0131\u015fmanl\u0131k ve Etkinlik Hizmetleri","article_publisher":"https:\/\/www.facebook.com\/Anthea.Antalya","article_modified_time":"2024-02-21T05:14:30+00:00","og_image":[{"width":1600,"height":900,"url":"https:\/\/www.anthea.com.tr\/wp-content\/uploads\/2023\/12\/ANTHEA-1600x900-w.png","type":"image\/png"}],"twitter_card":"summary_large_image","twitter_site":"@AntheaAntalya","twitter_misc":{"Est. reading time":"3 minutes"},"schema":{"@context":"https:\/\/schema.org","@graph":[{"@type":"WebPage","@id":"https:\/\/www.anthea.com.tr\/en\/","url":"https:\/\/www.anthea.com.tr\/en\/","name":"Anthea Exhibition Industry Trainings Consultancy & Events | 2024","isPartOf":{"@id":"https:\/\/www.anthea.com.tr\/en\/#website"},"primaryImageOfPage":{"@id":"https:\/\/www.anthea.com.tr\/en\/#primaryimage"},"image":{"@id":"https:\/\/www.anthea.com.tr\/en\/#primaryimage"},"thumbnailUrl":"https:\/\/www.anthea.com.tr\/wp-content\/uploads\/2023\/12\/ANTHEA-1600x900-w.png","datePublished":"2014-07-17T13:16:17+00:00","dateModified":"2024-02-21T05:14:30+00:00","description":"Anthea Exhibition Industry Training Consultancy and Event Services Services | 2010- 2024 | Fuarista Exhibition Industry Training, Consultancy","breadcrumb":{"@id":"https:\/\/www.anthea.com.tr\/en\/#breadcrumb"},"inLanguage":"en-US","potentialAction":[{"@type":"ReadAction","target":["https:\/\/www.anthea.com.tr\/en\/"]}]},{"@type":"ImageObject","inLanguage":"en-US","@id":"https:\/\/www.anthea.com.tr\/en\/#primaryimage","url":"https:\/\/www.anthea.com.tr\/wp-content\/uploads\/2023\/12\/ANTHEA-1600x900-w.png","contentUrl":"https:\/\/www.anthea.com.tr\/wp-content\/uploads\/2023\/12\/ANTHEA-1600x900-w.png","width":1600,"height":900,"caption":"Anthea Fuarc\u0131l\u0131k Sekt\u00f6r\u00fc E\u011fitim, Dan\u0131\u015fmanl\u0131k ve Etkinlik Hizmetleri"},{"@type":"BreadcrumbList","@id":"https:\/\/www.anthea.com.tr\/en\/#breadcrumb","itemListElement":[{"@type":"ListItem","position":1,"name":"Home","item":"https:\/\/www.anthea.com.tr\/en\/homepage\/"},{"@type":"ListItem","position":2,"name":"Homepage"}]},{"@type":"WebSite","@id":"https:\/\/www.anthea.com.tr\/en\/#website","url":"https:\/\/www.anthea.com.tr\/en\/","name":"Anthea Fuarc\u0131l\u0131k Sekt\u00f6r\u00fc E\u011fitim, Dan\u0131\u015fmanl\u0131k ve Etkinlik Hizmetleri","description":"Fuarc\u0131l\u0131k Sekt\u00f6r\u00fc E\u011fitim, Dan\u0131\u015fmanl\u0131k ve Etkinlik Hizmetleri","publisher":{"@id":"https:\/\/www.anthea.com.tr\/en\/#organization"},"potentialAction":[{"@type":"SearchAction","target":{"@type":"EntryPoint","urlTemplate":"https:\/\/www.anthea.com.tr\/en\/?s={search_term_string}"},"query-input":{"@type":"PropertyValueSpecification","valueRequired":true,"valueName":"search_term_string"}}],"inLanguage":"en-US"},{"@type":"Organization","@id":"https:\/\/www.anthea.com.tr\/en\/#organization","name":"Anthea Fuarc\u0131l\u0131k Sekt\u00f6r\u00fc E\u011fitim, Dan\u0131\u015fmanl\u0131k ve Etkinlik Hizmetleri","url":"https:\/\/www.anthea.com.tr\/en\/","logo":{"@type":"ImageObject","inLanguage":"en-US","@id":"https:\/\/www.anthea.com.tr\/en\/#\/schema\/logo\/image\/","url":"https:\/\/www.anthea.com.tr\/wp-content\/uploads\/2023\/12\/ANTHEA-1600x900-w.png","contentUrl":"https:\/\/www.anthea.com.tr\/wp-content\/uploads\/2023\/12\/ANTHEA-1600x900-w.png","width":1600,"height":900,"caption":"Anthea Fuarc\u0131l\u0131k Sekt\u00f6r\u00fc E\u011fitim, Dan\u0131\u015fmanl\u0131k ve Etkinlik Hizmetleri"},"image":{"@id":"https:\/\/www.anthea.com.tr\/en\/#\/schema\/logo\/image\/"},"sameAs":["https:\/\/www.facebook.com\/Anthea.Antalya","https:\/\/x.com\/AntheaAntalya","https:\/\/www.linkedin.com\/company\/anthea-ltd\/","https:\/\/www.instagram.com\/anthea.ltd\/","https:\/\/www.youtube.com\/@antheaorganizasyon5192"]}]}},"_links":{"self":[{"href":"https:\/\/www.anthea.com.tr\/en\/wp-json\/wp\/v2\/pages\/2709","targetHints":{"allow":["GET"]}}],"collection":[{"href":"https:\/\/www.anthea.com.tr\/en\/wp-json\/wp\/v2\/pages"}],"about":[{"href":"https:\/\/www.anthea.com.tr\/en\/wp-json\/wp\/v2\/types\/page"}],"author":[{"embeddable":true,"href":"https:\/\/www.anthea.com.tr\/en\/wp-json\/wp\/v2\/users\/1"}],"replies":[{"embeddable":true,"href":"https:\/\/www.anthea.com.tr\/en\/wp-json\/wp\/v2\/comments?post=2709"}],"version-history":[{"count":22,"href":"https:\/\/www.anthea.com.tr\/en\/wp-json\/wp\/v2\/pages\/2709\/revisions"}],"predecessor-version":[{"id":3527,"href":"https:\/\/www.anthea.com.tr\/en\/wp-json\/wp\/v2\/pages\/2709\/revisions\/3527"}],"wp:featuredmedia":[{"embeddable":true,"href":"https:\/\/www.anthea.com.tr\/en\/wp-json\/wp\/v2\/media\/2920"}],"wp:attachment":[{"href":"https:\/\/www.anthea.com.tr\/en\/wp-json\/wp\/v2\/media?parent=2709"}],"curies":[{"name":"wp","href":"https:\/\/api.w.org\/{rel}","templated":true}]}}