{"id":2651,"date":"2023-05-03T20:01:02","date_gmt":"2023-05-03T20:01:02","guid":{"rendered":"http:\/\/www.anthea.net.tr\/meaning-of-anthea\/"},"modified":"2023-12-30T07:34:41","modified_gmt":"2023-12-30T07:34:41","slug":"meaning-of-anthea","status":"publish","type":"page","link":"https:\/\/www.anthea.com.tr\/en\/meaning-of-anthea\/","title":{"rendered":"Meaning of Anthea"},"content":{"rendered":"\n<figure class=\"wp-block-image size-large is-resized\"><img loading=\"lazy\" decoding=\"async\" src=\"http:\/\/www.anthea.net.tr\/wp-content\/uploads\/2023\/05\/ANTHEA-1024x586.png\" alt=\"\" class=\"wp-image-1842\" width=\"256\" height=\"147\" srcset=\"https:\/\/www.anthea.com.tr\/wp-content\/uploads\/2023\/05\/ANTHEA-1024x586.png 1024w, https:\/\/www.anthea.com.tr\/wp-content\/uploads\/2023\/05\/ANTHEA-300x172.png 300w, https:\/\/www.anthea.com.tr\/wp-content\/uploads\/2023\/05\/ANTHEA-768x439.png 768w, https:\/\/www.anthea.com.tr\/wp-content\/uploads\/2023\/05\/ANTHEA-1536x878.png 1536w, https:\/\/www.anthea.com.tr\/wp-content\/uploads\/2023\/05\/ANTHEA-2048x1171.png 2048w\" sizes=\"auto, (max-width: 256px) 100vw, 256px\" \/><\/figure>\n\n<p>Anthea has a double meaning in Greek: &#8220;The Lady or The Goddess of Flowers&#8221;, used mostly as a female name. It also means flowery landscape.<\/p>\n\n<p>Anthos Greek: Flower<\/p>\n\n<p>Thea: In Greek: Goddess or Landscape<\/p>\n\n<p>Although <strong>flowers<\/strong> have represented many meanings throughout human history, they generally have connotations of beauty, pleasantness and satisfaction.<\/p>\n\n<p><strong>TheA: <\/strong>The general name given to goddesses in ancient and contemporary Greek Mythology.<\/p>\n\n<p><strong>ThEa<\/strong>: means &#8220;Landscape&#8221; in ancient and contemporary Greek.<\/p>\n","protected":false},"excerpt":{"rendered":"<p>Anthea has a double meaning in Greek: &#8220;The Lady or The Goddess of Flowers&#8221;, used mostly as a female name. It also means flowery landscape. Anthos Greek: Flower Thea: In Greek: Goddess or Landscape Although flowers have represented many meanings throughout human history, they generally have connotations of beauty, pleasantness and satisfaction. TheA: The general [&hellip;]<\/p>\n","protected":false},"author":1,"featured_media":0,"parent":0,"menu_order":0,"comment_status":"closed","ping_status":"closed","template":"","meta":{"footnotes":""},"class_list":["post-2651","page","type-page","status-publish","hentry"],"yoast_head":"<!-- This site is optimized with the Yoast SEO plugin v27.4 - https:\/\/yoast.com\/product\/yoast-seo-wordpress\/ -->\n<title>Meaning of Anthea - Anthea Fuarc\u0131l\u0131k Sekt\u00f6r\u00fc E\u011fitim, Dan\u0131\u015fmanl\u0131k ve Etkinlik Hizmetleri<\/title>\n<meta name=\"robots\" content=\"index, follow, max-snippet:-1, max-image-preview:large, max-video-preview:-1\" \/>\n<link rel=\"canonical\" href=\"https:\/\/www.anthea.com.tr\/en\/meaning-of-anthea\/\" \/>\n<meta property=\"og:locale\" content=\"en_US\" \/>\n<meta property=\"og:type\" content=\"article\" \/>\n<meta property=\"og:title\" content=\"Meaning of Anthea - Anthea Fuarc\u0131l\u0131k Sekt\u00f6r\u00fc E\u011fitim, Dan\u0131\u015fmanl\u0131k ve Etkinlik Hizmetleri\" \/>\n<meta property=\"og:description\" content=\"Anthea has a double meaning in Greek: &#8220;The Lady or The Goddess of Flowers&#8221;, used mostly as a female name. It also means flowery landscape. Anthos Greek: Flower Thea: In Greek: Goddess or Landscape Although flowers have represented many meanings throughout human history, they generally have connotations of beauty, pleasantness and satisfaction. TheA: The general [&hellip;]\" \/>\n<meta property=\"og:url\" content=\"https:\/\/www.anthea.com.tr\/en\/meaning-of-anthea\/\" \/>\n<meta property=\"og:site_name\" content=\"Anthea Fuarc\u0131l\u0131k Sekt\u00f6r\u00fc E\u011fitim, Dan\u0131\u015fmanl\u0131k ve Etkinlik Hizmetleri\" \/>\n<meta property=\"article:publisher\" content=\"https:\/\/www.facebook.com\/Anthea.Antalya\" \/>\n<meta property=\"article:modified_time\" content=\"2023-12-30T07:34:41+00:00\" \/>\n<meta property=\"og:image\" content=\"http:\/\/www.anthea.net.tr\/wp-content\/uploads\/2023\/05\/ANTHEA-1024x586.png\" \/>\n<meta name=\"twitter:card\" content=\"summary_large_image\" \/>\n<meta name=\"twitter:site\" content=\"@AntheaAntalya\" \/>\n<meta name=\"twitter:label1\" content=\"Est. reading time\" \/>\n\t<meta name=\"twitter:data1\" content=\"1 minute\" \/>\n<script type=\"application\/ld+json\" class=\"yoast-schema-graph\">{\"@context\":\"https:\\\/\\\/schema.org\",\"@graph\":[{\"@type\":\"WebPage\",\"@id\":\"https:\\\/\\\/www.anthea.com.tr\\\/en\\\/meaning-of-anthea\\\/\",\"url\":\"https:\\\/\\\/www.anthea.com.tr\\\/en\\\/meaning-of-anthea\\\/\",\"name\":\"Meaning of Anthea - Anthea Fuarc\u0131l\u0131k Sekt\u00f6r\u00fc E\u011fitim, Dan\u0131\u015fmanl\u0131k ve Etkinlik Hizmetleri\",\"isPartOf\":{\"@id\":\"https:\\\/\\\/www.anthea.com.tr\\\/en\\\/#website\"},\"primaryImageOfPage\":{\"@id\":\"https:\\\/\\\/www.anthea.com.tr\\\/en\\\/meaning-of-anthea\\\/#primaryimage\"},\"image\":{\"@id\":\"https:\\\/\\\/www.anthea.com.tr\\\/en\\\/meaning-of-anthea\\\/#primaryimage\"},\"thumbnailUrl\":\"http:\\\/\\\/www.anthea.net.tr\\\/wp-content\\\/uploads\\\/2023\\\/05\\\/ANTHEA-1024x586.png\",\"datePublished\":\"2023-05-03T20:01:02+00:00\",\"dateModified\":\"2023-12-30T07:34:41+00:00\",\"breadcrumb\":{\"@id\":\"https:\\\/\\\/www.anthea.com.tr\\\/en\\\/meaning-of-anthea\\\/#breadcrumb\"},\"inLanguage\":\"en-US\",\"potentialAction\":[{\"@type\":\"ReadAction\",\"target\":[\"https:\\\/\\\/www.anthea.com.tr\\\/en\\\/meaning-of-anthea\\\/\"]}]},{\"@type\":\"ImageObject\",\"inLanguage\":\"en-US\",\"@id\":\"https:\\\/\\\/www.anthea.com.tr\\\/en\\\/meaning-of-anthea\\\/#primaryimage\",\"url\":\"http:\\\/\\\/www.anthea.net.tr\\\/wp-content\\\/uploads\\\/2023\\\/05\\\/ANTHEA-1024x586.png\",\"contentUrl\":\"http:\\\/\\\/www.anthea.net.tr\\\/wp-content\\\/uploads\\\/2023\\\/05\\\/ANTHEA-1024x586.png\"},{\"@type\":\"BreadcrumbList\",\"@id\":\"https:\\\/\\\/www.anthea.com.tr\\\/en\\\/meaning-of-anthea\\\/#breadcrumb\",\"itemListElement\":[{\"@type\":\"ListItem\",\"position\":1,\"name\":\"Home\",\"item\":\"https:\\\/\\\/www.anthea.com.tr\\\/en\\\/homepage\\\/\"},{\"@type\":\"ListItem\",\"position\":2,\"name\":\"Meaning of Anthea\"}]},{\"@type\":\"WebSite\",\"@id\":\"https:\\\/\\\/www.anthea.com.tr\\\/en\\\/#website\",\"url\":\"https:\\\/\\\/www.anthea.com.tr\\\/en\\\/\",\"name\":\"Anthea Fuarc\u0131l\u0131k Sekt\u00f6r\u00fc E\u011fitim, Dan\u0131\u015fmanl\u0131k ve Etkinlik Hizmetleri\",\"description\":\"Fuarc\u0131l\u0131k Sekt\u00f6r\u00fc E\u011fitim, Dan\u0131\u015fmanl\u0131k ve Etkinlik Hizmetleri\",\"publisher\":{\"@id\":\"https:\\\/\\\/www.anthea.com.tr\\\/en\\\/#organization\"},\"potentialAction\":[{\"@type\":\"SearchAction\",\"target\":{\"@type\":\"EntryPoint\",\"urlTemplate\":\"https:\\\/\\\/www.anthea.com.tr\\\/en\\\/?s={search_term_string}\"},\"query-input\":{\"@type\":\"PropertyValueSpecification\",\"valueRequired\":true,\"valueName\":\"search_term_string\"}}],\"inLanguage\":\"en-US\"},{\"@type\":\"Organization\",\"@id\":\"https:\\\/\\\/www.anthea.com.tr\\\/en\\\/#organization\",\"name\":\"Anthea Fuarc\u0131l\u0131k Sekt\u00f6r\u00fc E\u011fitim, Dan\u0131\u015fmanl\u0131k ve Etkinlik Hizmetleri\",\"url\":\"https:\\\/\\\/www.anthea.com.tr\\\/en\\\/\",\"logo\":{\"@type\":\"ImageObject\",\"inLanguage\":\"en-US\",\"@id\":\"https:\\\/\\\/www.anthea.com.tr\\\/en\\\/#\\\/schema\\\/logo\\\/image\\\/\",\"url\":\"https:\\\/\\\/www.anthea.com.tr\\\/wp-content\\\/uploads\\\/2023\\\/12\\\/ANTHEA-1600x900-w.png\",\"contentUrl\":\"https:\\\/\\\/www.anthea.com.tr\\\/wp-content\\\/uploads\\\/2023\\\/12\\\/ANTHEA-1600x900-w.png\",\"width\":1600,\"height\":900,\"caption\":\"Anthea Fuarc\u0131l\u0131k Sekt\u00f6r\u00fc E\u011fitim, Dan\u0131\u015fmanl\u0131k ve Etkinlik Hizmetleri\"},\"image\":{\"@id\":\"https:\\\/\\\/www.anthea.com.tr\\\/en\\\/#\\\/schema\\\/logo\\\/image\\\/\"},\"sameAs\":[\"https:\\\/\\\/www.facebook.com\\\/Anthea.Antalya\",\"https:\\\/\\\/x.com\\\/AntheaAntalya\",\"https:\\\/\\\/www.linkedin.com\\\/company\\\/anthea-ltd\\\/\",\"https:\\\/\\\/www.instagram.com\\\/anthea.ltd\\\/\",\"https:\\\/\\\/www.youtube.com\\\/@antheaorganizasyon5192\"]}]}<\/script>\n<!-- \/ Yoast SEO plugin. -->","yoast_head_json":{"title":"Meaning of Anthea - Anthea Fuarc\u0131l\u0131k Sekt\u00f6r\u00fc E\u011fitim, Dan\u0131\u015fmanl\u0131k ve Etkinlik Hizmetleri","robots":{"index":"index","follow":"follow","max-snippet":"max-snippet:-1","max-image-preview":"max-image-preview:large","max-video-preview":"max-video-preview:-1"},"canonical":"https:\/\/www.anthea.com.tr\/en\/meaning-of-anthea\/","og_locale":"en_US","og_type":"article","og_title":"Meaning of Anthea - Anthea Fuarc\u0131l\u0131k Sekt\u00f6r\u00fc E\u011fitim, Dan\u0131\u015fmanl\u0131k ve Etkinlik Hizmetleri","og_description":"Anthea has a double meaning in Greek: &#8220;The Lady or The Goddess of Flowers&#8221;, used mostly as a female name. It also means flowery landscape. Anthos Greek: Flower Thea: In Greek: Goddess or Landscape Although flowers have represented many meanings throughout human history, they generally have connotations of beauty, pleasantness and satisfaction. TheA: The general [&hellip;]","og_url":"https:\/\/www.anthea.com.tr\/en\/meaning-of-anthea\/","og_site_name":"Anthea Fuarc\u0131l\u0131k Sekt\u00f6r\u00fc E\u011fitim, Dan\u0131\u015fmanl\u0131k ve Etkinlik Hizmetleri","article_publisher":"https:\/\/www.facebook.com\/Anthea.Antalya","article_modified_time":"2023-12-30T07:34:41+00:00","og_image":[{"url":"http:\/\/www.anthea.net.tr\/wp-content\/uploads\/2023\/05\/ANTHEA-1024x586.png","type":"","width":"","height":""}],"twitter_card":"summary_large_image","twitter_site":"@AntheaAntalya","twitter_misc":{"Est. reading time":"1 minute"},"schema":{"@context":"https:\/\/schema.org","@graph":[{"@type":"WebPage","@id":"https:\/\/www.anthea.com.tr\/en\/meaning-of-anthea\/","url":"https:\/\/www.anthea.com.tr\/en\/meaning-of-anthea\/","name":"Meaning of Anthea - Anthea Fuarc\u0131l\u0131k Sekt\u00f6r\u00fc E\u011fitim, Dan\u0131\u015fmanl\u0131k ve Etkinlik Hizmetleri","isPartOf":{"@id":"https:\/\/www.anthea.com.tr\/en\/#website"},"primaryImageOfPage":{"@id":"https:\/\/www.anthea.com.tr\/en\/meaning-of-anthea\/#primaryimage"},"image":{"@id":"https:\/\/www.anthea.com.tr\/en\/meaning-of-anthea\/#primaryimage"},"thumbnailUrl":"http:\/\/www.anthea.net.tr\/wp-content\/uploads\/2023\/05\/ANTHEA-1024x586.png","datePublished":"2023-05-03T20:01:02+00:00","dateModified":"2023-12-30T07:34:41+00:00","breadcrumb":{"@id":"https:\/\/www.anthea.com.tr\/en\/meaning-of-anthea\/#breadcrumb"},"inLanguage":"en-US","potentialAction":[{"@type":"ReadAction","target":["https:\/\/www.anthea.com.tr\/en\/meaning-of-anthea\/"]}]},{"@type":"ImageObject","inLanguage":"en-US","@id":"https:\/\/www.anthea.com.tr\/en\/meaning-of-anthea\/#primaryimage","url":"http:\/\/www.anthea.net.tr\/wp-content\/uploads\/2023\/05\/ANTHEA-1024x586.png","contentUrl":"http:\/\/www.anthea.net.tr\/wp-content\/uploads\/2023\/05\/ANTHEA-1024x586.png"},{"@type":"BreadcrumbList","@id":"https:\/\/www.anthea.com.tr\/en\/meaning-of-anthea\/#breadcrumb","itemListElement":[{"@type":"ListItem","position":1,"name":"Home","item":"https:\/\/www.anthea.com.tr\/en\/homepage\/"},{"@type":"ListItem","position":2,"name":"Meaning of Anthea"}]},{"@type":"WebSite","@id":"https:\/\/www.anthea.com.tr\/en\/#website","url":"https:\/\/www.anthea.com.tr\/en\/","name":"Anthea Fuarc\u0131l\u0131k Sekt\u00f6r\u00fc E\u011fitim, Dan\u0131\u015fmanl\u0131k ve Etkinlik Hizmetleri","description":"Fuarc\u0131l\u0131k Sekt\u00f6r\u00fc E\u011fitim, Dan\u0131\u015fmanl\u0131k ve Etkinlik Hizmetleri","publisher":{"@id":"https:\/\/www.anthea.com.tr\/en\/#organization"},"potentialAction":[{"@type":"SearchAction","target":{"@type":"EntryPoint","urlTemplate":"https:\/\/www.anthea.com.tr\/en\/?s={search_term_string}"},"query-input":{"@type":"PropertyValueSpecification","valueRequired":true,"valueName":"search_term_string"}}],"inLanguage":"en-US"},{"@type":"Organization","@id":"https:\/\/www.anthea.com.tr\/en\/#organization","name":"Anthea Fuarc\u0131l\u0131k Sekt\u00f6r\u00fc E\u011fitim, Dan\u0131\u015fmanl\u0131k ve Etkinlik Hizmetleri","url":"https:\/\/www.anthea.com.tr\/en\/","logo":{"@type":"ImageObject","inLanguage":"en-US","@id":"https:\/\/www.anthea.com.tr\/en\/#\/schema\/logo\/image\/","url":"https:\/\/www.anthea.com.tr\/wp-content\/uploads\/2023\/12\/ANTHEA-1600x900-w.png","contentUrl":"https:\/\/www.anthea.com.tr\/wp-content\/uploads\/2023\/12\/ANTHEA-1600x900-w.png","width":1600,"height":900,"caption":"Anthea Fuarc\u0131l\u0131k Sekt\u00f6r\u00fc E\u011fitim, Dan\u0131\u015fmanl\u0131k ve Etkinlik Hizmetleri"},"image":{"@id":"https:\/\/www.anthea.com.tr\/en\/#\/schema\/logo\/image\/"},"sameAs":["https:\/\/www.facebook.com\/Anthea.Antalya","https:\/\/x.com\/AntheaAntalya","https:\/\/www.linkedin.com\/company\/anthea-ltd\/","https:\/\/www.instagram.com\/anthea.ltd\/","https:\/\/www.youtube.com\/@antheaorganizasyon5192"]}]}},"_links":{"self":[{"href":"https:\/\/www.anthea.com.tr\/en\/wp-json\/wp\/v2\/pages\/2651","targetHints":{"allow":["GET"]}}],"collection":[{"href":"https:\/\/www.anthea.com.tr\/en\/wp-json\/wp\/v2\/pages"}],"about":[{"href":"https:\/\/www.anthea.com.tr\/en\/wp-json\/wp\/v2\/types\/page"}],"author":[{"embeddable":true,"href":"https:\/\/www.anthea.com.tr\/en\/wp-json\/wp\/v2\/users\/1"}],"replies":[{"embeddable":true,"href":"https:\/\/www.anthea.com.tr\/en\/wp-json\/wp\/v2\/comments?post=2651"}],"version-history":[{"count":4,"href":"https:\/\/www.anthea.com.tr\/en\/wp-json\/wp\/v2\/pages\/2651\/revisions"}],"predecessor-version":[{"id":2904,"href":"https:\/\/www.anthea.com.tr\/en\/wp-json\/wp\/v2\/pages\/2651\/revisions\/2904"}],"wp:attachment":[{"href":"https:\/\/www.anthea.com.tr\/en\/wp-json\/wp\/v2\/media?parent=2651"}],"curies":[{"name":"wp","href":"https:\/\/api.w.org\/{rel}","templated":true}]}}