{"id":2632,"date":"2014-07-05T14:13:16","date_gmt":"2014-07-05T14:13:16","guid":{"rendered":"http:\/\/www.anthea.net.tr\/grayscale-3-columns\/"},"modified":"2023-05-26T19:59:48","modified_gmt":"2023-05-26T19:59:48","slug":"grayscale-3-columns","status":"publish","type":"page","link":"https:\/\/www.anthea.com.tr\/en\/grayscale-3-columns\/","title":{"rendered":"Grayscale 3 Columns"},"content":{"rendered":"","protected":false},"excerpt":{"rendered":"","protected":false},"author":1,"featured_media":0,"parent":0,"menu_order":80,"comment_status":"open","ping_status":"open","template":"portfolio.php","meta":{"footnotes":""},"class_list":["post-2632","page","type-page","status-publish","hentry"],"yoast_head":"<!-- This site is optimized with the Yoast SEO plugin v27.4 - https:\/\/yoast.com\/product\/yoast-seo-wordpress\/ -->\n<title>Grayscale 3 Columns - Anthea Fuarc\u0131l\u0131k Sekt\u00f6r\u00fc E\u011fitim, Dan\u0131\u015fmanl\u0131k ve Etkinlik Hizmetleri<\/title>\n<meta name=\"robots\" content=\"index, follow, max-snippet:-1, max-image-preview:large, max-video-preview:-1\" \/>\n<link rel=\"canonical\" href=\"https:\/\/www.anthea.com.tr\/en\/grayscale-3-columns\/\" \/>\n<meta property=\"og:locale\" content=\"en_US\" \/>\n<meta property=\"og:type\" content=\"article\" \/>\n<meta property=\"og:title\" content=\"Grayscale 3 Columns - Anthea Fuarc\u0131l\u0131k Sekt\u00f6r\u00fc E\u011fitim, Dan\u0131\u015fmanl\u0131k ve Etkinlik Hizmetleri\" \/>\n<meta property=\"og:url\" content=\"https:\/\/www.anthea.com.tr\/en\/grayscale-3-columns\/\" \/>\n<meta property=\"og:site_name\" content=\"Anthea Fuarc\u0131l\u0131k Sekt\u00f6r\u00fc E\u011fitim, Dan\u0131\u015fmanl\u0131k ve Etkinlik Hizmetleri\" \/>\n<meta property=\"article:publisher\" content=\"https:\/\/www.facebook.com\/Anthea.Antalya\" \/>\n<meta property=\"article:modified_time\" content=\"2023-05-26T19:59:48+00:00\" \/>\n<meta name=\"twitter:card\" content=\"summary_large_image\" \/>\n<meta name=\"twitter:site\" content=\"@AntheaAntalya\" \/>\n<script type=\"application\/ld+json\" class=\"yoast-schema-graph\">{\"@context\":\"https:\\\/\\\/schema.org\",\"@graph\":[{\"@type\":\"WebPage\",\"@id\":\"https:\\\/\\\/www.anthea.com.tr\\\/en\\\/grayscale-3-columns\\\/\",\"url\":\"https:\\\/\\\/www.anthea.com.tr\\\/en\\\/grayscale-3-columns\\\/\",\"name\":\"Grayscale 3 Columns - Anthea Fuarc\u0131l\u0131k Sekt\u00f6r\u00fc E\u011fitim, Dan\u0131\u015fmanl\u0131k ve Etkinlik Hizmetleri\",\"isPartOf\":{\"@id\":\"https:\\\/\\\/www.anthea.com.tr\\\/en\\\/#website\"},\"datePublished\":\"2014-07-05T14:13:16+00:00\",\"dateModified\":\"2023-05-26T19:59:48+00:00\",\"breadcrumb\":{\"@id\":\"https:\\\/\\\/www.anthea.com.tr\\\/en\\\/grayscale-3-columns\\\/#breadcrumb\"},\"inLanguage\":\"en-US\",\"potentialAction\":[{\"@type\":\"ReadAction\",\"target\":[\"https:\\\/\\\/www.anthea.com.tr\\\/en\\\/grayscale-3-columns\\\/\"]}]},{\"@type\":\"BreadcrumbList\",\"@id\":\"https:\\\/\\\/www.anthea.com.tr\\\/en\\\/grayscale-3-columns\\\/#breadcrumb\",\"itemListElement\":[{\"@type\":\"ListItem\",\"position\":1,\"name\":\"Home\",\"item\":\"https:\\\/\\\/www.anthea.com.tr\\\/en\\\/homepage\\\/\"},{\"@type\":\"ListItem\",\"position\":2,\"name\":\"Grayscale 3 Columns\"}]},{\"@type\":\"WebSite\",\"@id\":\"https:\\\/\\\/www.anthea.com.tr\\\/en\\\/#website\",\"url\":\"https:\\\/\\\/www.anthea.com.tr\\\/en\\\/\",\"name\":\"Anthea Fuarc\u0131l\u0131k Sekt\u00f6r\u00fc E\u011fitim, Dan\u0131\u015fmanl\u0131k ve Etkinlik Hizmetleri\",\"description\":\"Fuarc\u0131l\u0131k Sekt\u00f6r\u00fc E\u011fitim, Dan\u0131\u015fmanl\u0131k ve Etkinlik Hizmetleri\",\"publisher\":{\"@id\":\"https:\\\/\\\/www.anthea.com.tr\\\/en\\\/#organization\"},\"potentialAction\":[{\"@type\":\"SearchAction\",\"target\":{\"@type\":\"EntryPoint\",\"urlTemplate\":\"https:\\\/\\\/www.anthea.com.tr\\\/en\\\/?s={search_term_string}\"},\"query-input\":{\"@type\":\"PropertyValueSpecification\",\"valueRequired\":true,\"valueName\":\"search_term_string\"}}],\"inLanguage\":\"en-US\"},{\"@type\":\"Organization\",\"@id\":\"https:\\\/\\\/www.anthea.com.tr\\\/en\\\/#organization\",\"name\":\"Anthea Fuarc\u0131l\u0131k Sekt\u00f6r\u00fc E\u011fitim, Dan\u0131\u015fmanl\u0131k ve Etkinlik Hizmetleri\",\"url\":\"https:\\\/\\\/www.anthea.com.tr\\\/en\\\/\",\"logo\":{\"@type\":\"ImageObject\",\"inLanguage\":\"en-US\",\"@id\":\"https:\\\/\\\/www.anthea.com.tr\\\/en\\\/#\\\/schema\\\/logo\\\/image\\\/\",\"url\":\"https:\\\/\\\/www.anthea.com.tr\\\/wp-content\\\/uploads\\\/2023\\\/12\\\/ANTHEA-1600x900-w.png\",\"contentUrl\":\"https:\\\/\\\/www.anthea.com.tr\\\/wp-content\\\/uploads\\\/2023\\\/12\\\/ANTHEA-1600x900-w.png\",\"width\":1600,\"height\":900,\"caption\":\"Anthea Fuarc\u0131l\u0131k Sekt\u00f6r\u00fc E\u011fitim, Dan\u0131\u015fmanl\u0131k ve Etkinlik Hizmetleri\"},\"image\":{\"@id\":\"https:\\\/\\\/www.anthea.com.tr\\\/en\\\/#\\\/schema\\\/logo\\\/image\\\/\"},\"sameAs\":[\"https:\\\/\\\/www.facebook.com\\\/Anthea.Antalya\",\"https:\\\/\\\/x.com\\\/AntheaAntalya\",\"https:\\\/\\\/www.linkedin.com\\\/company\\\/anthea-ltd\\\/\",\"https:\\\/\\\/www.instagram.com\\\/anthea.ltd\\\/\",\"https:\\\/\\\/www.youtube.com\\\/@antheaorganizasyon5192\"]}]}<\/script>\n<!-- \/ Yoast SEO plugin. -->","yoast_head_json":{"title":"Grayscale 3 Columns - Anthea Fuarc\u0131l\u0131k Sekt\u00f6r\u00fc E\u011fitim, Dan\u0131\u015fmanl\u0131k ve Etkinlik Hizmetleri","robots":{"index":"index","follow":"follow","max-snippet":"max-snippet:-1","max-image-preview":"max-image-preview:large","max-video-preview":"max-video-preview:-1"},"canonical":"https:\/\/www.anthea.com.tr\/en\/grayscale-3-columns\/","og_locale":"en_US","og_type":"article","og_title":"Grayscale 3 Columns - Anthea Fuarc\u0131l\u0131k Sekt\u00f6r\u00fc E\u011fitim, Dan\u0131\u015fmanl\u0131k ve Etkinlik Hizmetleri","og_url":"https:\/\/www.anthea.com.tr\/en\/grayscale-3-columns\/","og_site_name":"Anthea Fuarc\u0131l\u0131k Sekt\u00f6r\u00fc E\u011fitim, Dan\u0131\u015fmanl\u0131k ve Etkinlik Hizmetleri","article_publisher":"https:\/\/www.facebook.com\/Anthea.Antalya","article_modified_time":"2023-05-26T19:59:48+00:00","twitter_card":"summary_large_image","twitter_site":"@AntheaAntalya","schema":{"@context":"https:\/\/schema.org","@graph":[{"@type":"WebPage","@id":"https:\/\/www.anthea.com.tr\/en\/grayscale-3-columns\/","url":"https:\/\/www.anthea.com.tr\/en\/grayscale-3-columns\/","name":"Grayscale 3 Columns - Anthea Fuarc\u0131l\u0131k Sekt\u00f6r\u00fc E\u011fitim, Dan\u0131\u015fmanl\u0131k ve Etkinlik Hizmetleri","isPartOf":{"@id":"https:\/\/www.anthea.com.tr\/en\/#website"},"datePublished":"2014-07-05T14:13:16+00:00","dateModified":"2023-05-26T19:59:48+00:00","breadcrumb":{"@id":"https:\/\/www.anthea.com.tr\/en\/grayscale-3-columns\/#breadcrumb"},"inLanguage":"en-US","potentialAction":[{"@type":"ReadAction","target":["https:\/\/www.anthea.com.tr\/en\/grayscale-3-columns\/"]}]},{"@type":"BreadcrumbList","@id":"https:\/\/www.anthea.com.tr\/en\/grayscale-3-columns\/#breadcrumb","itemListElement":[{"@type":"ListItem","position":1,"name":"Home","item":"https:\/\/www.anthea.com.tr\/en\/homepage\/"},{"@type":"ListItem","position":2,"name":"Grayscale 3 Columns"}]},{"@type":"WebSite","@id":"https:\/\/www.anthea.com.tr\/en\/#website","url":"https:\/\/www.anthea.com.tr\/en\/","name":"Anthea Fuarc\u0131l\u0131k Sekt\u00f6r\u00fc E\u011fitim, Dan\u0131\u015fmanl\u0131k ve Etkinlik Hizmetleri","description":"Fuarc\u0131l\u0131k Sekt\u00f6r\u00fc E\u011fitim, Dan\u0131\u015fmanl\u0131k ve Etkinlik Hizmetleri","publisher":{"@id":"https:\/\/www.anthea.com.tr\/en\/#organization"},"potentialAction":[{"@type":"SearchAction","target":{"@type":"EntryPoint","urlTemplate":"https:\/\/www.anthea.com.tr\/en\/?s={search_term_string}"},"query-input":{"@type":"PropertyValueSpecification","valueRequired":true,"valueName":"search_term_string"}}],"inLanguage":"en-US"},{"@type":"Organization","@id":"https:\/\/www.anthea.com.tr\/en\/#organization","name":"Anthea Fuarc\u0131l\u0131k Sekt\u00f6r\u00fc E\u011fitim, Dan\u0131\u015fmanl\u0131k ve Etkinlik Hizmetleri","url":"https:\/\/www.anthea.com.tr\/en\/","logo":{"@type":"ImageObject","inLanguage":"en-US","@id":"https:\/\/www.anthea.com.tr\/en\/#\/schema\/logo\/image\/","url":"https:\/\/www.anthea.com.tr\/wp-content\/uploads\/2023\/12\/ANTHEA-1600x900-w.png","contentUrl":"https:\/\/www.anthea.com.tr\/wp-content\/uploads\/2023\/12\/ANTHEA-1600x900-w.png","width":1600,"height":900,"caption":"Anthea Fuarc\u0131l\u0131k Sekt\u00f6r\u00fc E\u011fitim, Dan\u0131\u015fmanl\u0131k ve Etkinlik Hizmetleri"},"image":{"@id":"https:\/\/www.anthea.com.tr\/en\/#\/schema\/logo\/image\/"},"sameAs":["https:\/\/www.facebook.com\/Anthea.Antalya","https:\/\/x.com\/AntheaAntalya","https:\/\/www.linkedin.com\/company\/anthea-ltd\/","https:\/\/www.instagram.com\/anthea.ltd\/","https:\/\/www.youtube.com\/@antheaorganizasyon5192"]}]}},"_links":{"self":[{"href":"https:\/\/www.anthea.com.tr\/en\/wp-json\/wp\/v2\/pages\/2632","targetHints":{"allow":["GET"]}}],"collection":[{"href":"https:\/\/www.anthea.com.tr\/en\/wp-json\/wp\/v2\/pages"}],"about":[{"href":"https:\/\/www.anthea.com.tr\/en\/wp-json\/wp\/v2\/types\/page"}],"author":[{"embeddable":true,"href":"https:\/\/www.anthea.com.tr\/en\/wp-json\/wp\/v2\/users\/1"}],"replies":[{"embeddable":true,"href":"https:\/\/www.anthea.com.tr\/en\/wp-json\/wp\/v2\/comments?post=2632"}],"version-history":[{"count":1,"href":"https:\/\/www.anthea.com.tr\/en\/wp-json\/wp\/v2\/pages\/2632\/revisions"}],"predecessor-version":[{"id":2639,"href":"https:\/\/www.anthea.com.tr\/en\/wp-json\/wp\/v2\/pages\/2632\/revisions\/2639"}],"wp:attachment":[{"href":"https:\/\/www.anthea.com.tr\/en\/wp-json\/wp\/v2\/media?parent=2632"}],"curies":[{"name":"wp","href":"https:\/\/api.w.org\/{rel}","templated":true}]}}